{"id":6810,"date":"2025-10-31T05:38:06","date_gmt":"2025-10-31T05:38:06","guid":{"rendered":"https:\/\/diamondmicron.com\/endustriyel-gelistirmelerde-elmas-super-asindiricilarin-kullanimindan-nasil-yararlanilir\/"},"modified":"2026-01-03T12:55:36","modified_gmt":"2026-01-03T12:55:36","slug":"endustriyel-gelistirmelerde-elmas-super-asindiricilarin-kullanimindan-nasil-yararlanilir","status":"publish","type":"page","link":"https:\/\/diamondmicron.com\/tr\/endustriyel-gelistirmelerde-elmas-super-asindiricilarin-kullanimindan-nasil-yararlanilir\/","title":{"rendered":"End\u00fcstriyel Geli\u015ftirmelerde Elmas S\u00fcper A\u015f\u0131nd\u0131r\u0131c\u0131lar\u0131n Kullan\u0131m\u0131ndan Nas\u0131l Yararlan\u0131l\u0131r?"},"content":{"rendered":"\n<div class=\"wp-block-uagb-container uagb-block-45e85b9e alignfull uagb-is-root-container\"><div class=\"uagb-container-inner-blocks-wrap\">\n<div class=\"wp-block-uagb-container uagb-layout-flex uagb-block-97feb8f4\">\n<div class=\"wp-block-uagb-container uagb-block-da2a7338\">\n<div class=\"wp-block-uagb-advanced-heading uagb-block-84eb5697\"><h6 class=\"uagb-heading-text\">BLOGLAR ve HABERLER<\/h6><\/div>\n\n\n\n<div class=\"wp-block-uagb-info-box uagb-block-5dfacafd uagb-infobox__content-wrap  uagb-infobox-icon-above-title uagb-infobox-image-valign-top wp-block-uagb-info-box--has-margin\"><div class=\"uagb-infobox-margin-wrapper\"><div class=\"uagb-ifb-content\"><div class=\"uagb-ifb-title-wrap\"><h1 class=\"uagb-ifb-title\">SinoDiam Elmas Blogu | End\u00fcstriyel ve Laboratuvar Elmas Bilgileri<\/h1><\/div><p class=\"uagb-ifb-desc\">SinoDiam&#8217;\u0131n elmas end\u00fcstrisiyle ilgili g\u00fcncel bilgilerini takip edin. Mikron elmaslar, testere tanecik uygulamalar\u0131, PDC kesiciler ve geli\u015fmi\u015f a\u015f\u0131nd\u0131r\u0131c\u0131 teknoloji hakk\u0131ndaki makaleleri inceleyin. <\/p><\/div><\/div><\/div>\n<\/div>\n<\/div>\n<\/div><\/div>\n\n<div class=\"wp-block-uagb-container uagb-block-51ede513 alignfull uagb-is-root-container\"><div class=\"uagb-container-inner-blocks-wrap\">\n\t\t\t<div class=\"wp-block-uagb-post-masonry uagb-post-grid  uagb-post__image-position-top uagb-post__image-enabled uagb-block-523a81ff     uagb-post__items uagb-post__columns-3 is-masonry uagb-post__columns-tablet-2 uagb-post__columns-mobile-1\" data-total=\"0\" style=\"\">\n\n\t\t\t\t\t\t\t\t\t<p class=\"uagb-post__no-posts\">\n\t\t\t\t\t\tNo post found!\t\t\t\t\t<\/p>\n\t\t\t\t\t\t\t\t<\/div>\n\t\t\t<\/div><\/div>\n\n<div class=\"wp-block-uagb-container uagb-block-8ee38f9c alignfull uagb-is-root-container\"><div class=\"uagb-container-inner-blocks-wrap\">\n<div class=\"wp-block-uagb-container uagb-block-0f47a434\">\n<div class=\"wp-block-uagb-advanced-heading uagb-block-90f33349\"><h6 class=\"uagb-heading-text\">Ba\u015flamaya haz\u0131r m\u0131s\u0131n\u0131z?<\/h6><\/div>\n\n\n\n<div class=\"wp-block-uagb-info-box uagb-block-e80e1ce8 uagb-infobox__content-wrap  uagb-infobox-icon-above-title uagb-infobox-image-valign-top\"><div class=\"uagb-ifb-content\"><div class=\"uagb-ifb-title-wrap\"><h2 class=\"uagb-ifb-title\">Bug\u00fcn \u00dccretsiz Teklifinizi Al\u0131n<\/h2><\/div><p class=\"uagb-ifb-desc\">\u00dccretsiz dan\u0131\u015fmanl\u0131k ve fiyat teklifi i\u00e7in bizimle ileti\u015fime ge\u00e7in. T\u00fcm end\u00fcstriyel elmas ihtiya\u00e7lar\u0131n\u0131zda size yard\u0131mc\u0131 olmak i\u00e7in buraday\u0131z. <\/p><\/div><\/div>\n<\/div>\n\n\n\n<div class=\"wp-block-uagb-buttons uagb-buttons__outer-wrap uagb-btn__default-btn uagb-btn-tablet__default-btn uagb-btn-mobile__default-btn uagb-block-50cefabc\"><div class=\"uagb-buttons__wrap uagb-buttons-layout-wrap \">\n<div class=\"wp-block-uagb-buttons-child uagb-buttons__outer-wrap uagb-block-9e60662d wp-block-button\"><div class=\"uagb-button__wrapper\"><a class=\"uagb-buttons-repeater wp-block-button__link\" aria-label=\"\" href=\"#\" rel=\"follow noopener\" target=\"_self\" role=\"button\"><span class=\"uagb-button__icon uagb-button__icon-position-before\"><svg xmlns=\"https:\/\/www.w3.org\/2000\/svg\" viewbox=\"0 0 384 512\" aria-hidden=\"true\" focussable=\"false\"><path d=\"M381.2 172.8C377.1 164.9 368.9 160 360 160h-156.6l50.84-127.1c2.969-7.375 2.062-15.78-2.406-22.38S239.1 0 232 0h-176C43.97 0 33.81 8.906 32.22 20.84l-32 240C-.7179 267.7 1.376 274.6 5.938 279.8C10.5 285 17.09 288 24 288h146.3l-41.78 194.1c-2.406 11.22 3.469 22.56 14 27.09C145.6 511.4 148.8 512 152 512c7.719 0 15.22-3.75 19.81-10.44l208-304C384.8 190.2 385.4 180.7 381.2 172.8z\"><\/path><\/svg><\/span><div class=\"uagb-button__link\">\u00dccretsiz Teklifimi Al<\/div><\/a><\/div><\/div>\n<\/div><\/div>\n<\/div><\/div>\n","protected":false},"excerpt":{"rendered":"<p>BLOGLAR ve HABERLER Ba\u015flamaya haz\u0131r m\u0131s\u0131n\u0131z?<\/p>\n","protected":false},"author":1,"featured_media":0,"parent":0,"menu_order":0,"comment_status":"closed","ping_status":"closed","template":"","meta":{"om_disable_all_campaigns":false,"_uag_custom_page_level_css":"","_monsterinsights_skip_tracking":false,"_monsterinsights_sitenote_active":false,"_monsterinsights_sitenote_note":"","_monsterinsights_sitenote_category":0,"site-sidebar-layout":"no-sidebar","site-content-layout":"","ast-site-content-layout":"full-width-container","site-content-style":"unboxed","site-sidebar-style":"unboxed","ast-global-header-display":"","ast-banner-title-visibility":"","ast-main-header-display":"","ast-hfb-above-header-display":"","ast-hfb-below-header-display":"","ast-hfb-mobile-header-display":"","site-post-title":"disabled","ast-breadcrumbs-content":"","ast-featured-img":"","footer-sml-layout":"","ast-disable-related-posts":"","theme-transparent-header-meta":"enabled","adv-header-id-meta":"","stick-header-meta":"","header-above-stick-meta":"","header-main-stick-meta":"","header-below-stick-meta":"","astra-migrate-meta-layouts":"default","ast-page-background-enabled":"default","ast-page-background-meta":{"desktop":{"background-color":"var(--ast-global-color-5)","background-image":"","background-repeat":"repeat","background-position":"center center","background-size":"auto","background-attachment":"scroll","background-type":"","background-media":"","overlay-type":"","overlay-color":"","overlay-opacity":"","overlay-gradient":""},"tablet":{"background-color":"","background-image":"","background-repeat":"repeat","background-position":"center center","background-size":"auto","background-attachment":"scroll","background-type":"","background-media":"","overlay-type":"","overlay-color":"","overlay-opacity":"","overlay-gradient":""},"mobile":{"background-color":"","background-image":"","background-repeat":"repeat","background-position":"center center","background-size":"auto","background-attachment":"scroll","background-type":"","background-media":"","overlay-type":"","overlay-color":"","overlay-opacity":"","overlay-gradient":""}},"ast-content-background-meta":{"desktop":{"background-color":"var(--ast-global-color-4)","background-image":"","background-repeat":"repeat","background-position":"center center","background-size":"auto","background-attachment":"scroll","background-type":"","background-media":"","overlay-type":"","overlay-color":"","overlay-opacity":"","overlay-gradient":""},"tablet":{"background-color":"var(--ast-global-color-4)","background-image":"","background-repeat":"repeat","background-position":"center center","background-size":"auto","background-attachment":"scroll","background-type":"","background-media":"","overlay-type":"","overlay-color":"","overlay-opacity":"","overlay-gradient":""},"mobile":{"background-color":"var(--ast-global-color-4)","background-image":"","background-repeat":"repeat","background-position":"center center","background-size":"auto","background-attachment":"scroll","background-type":"","background-media":"","overlay-type":"","overlay-color":"","overlay-opacity":"","overlay-gradient":""}},"_joinchat":[],"footnotes":""},"class_list":["post-6810","page","type-page","status-publish","hentry"],"aioseo_notices":[],"uagb_featured_image_src":{"full":false,"thumbnail":false,"medium":false,"medium_large":false,"large":false,"1536x1536":false,"2048x2048":false,"woocommerce_thumbnail":false,"woocommerce_single":false,"woocommerce_gallery_thumbnail":false},"uagb_author_info":{"display_name":"SinoDiam Technical Team","author_link":"https:\/\/diamondmicron.com\/tr\/author\/sinodiam2013gmail-com\/"},"uagb_comment_info":0,"uagb_excerpt":"BLOGLAR ve HABERLER Ba\u015flamaya haz\u0131r m\u0131s\u0131n\u0131z?","aioseo_head":"\n\t\t<!-- All in One SEO Pro 4.8.3.2 - aioseo.com -->\n\t<meta name=\"description\" content=\"BLOGLAR ve HABERLER SinoDiam Elmas Blogu | End\u00fcstriyel ve Laboratuvar Elmas BilgileriSinoDiam&#039;\u0131n elmas end\u00fcstrisiyle ilgili g\u00fcncel bilgilerini takip edin. Mikron elmaslar, testere tanecik uygulamalar\u0131, PDC kesiciler ve geli\u015fmi\u015f a\u015f\u0131nd\u0131r\u0131c\u0131 teknoloji hakk\u0131ndaki makaleleri inceleyin. Ba\u015flamaya haz\u0131r m\u0131s\u0131n\u0131z? Bug\u00fcn \u00dccretsiz Teklifinizi Al\u0131n\u00dccretsiz dan\u0131\u015fmanl\u0131k ve fiyat teklifi i\u00e7in bizimle ileti\u015fime ge\u00e7in. T\u00fcm end\u00fcstriyel elmas ihtiya\u00e7lar\u0131n\u0131zda size yard\u0131mc\u0131 olmak\" \/>\n\t<meta name=\"robots\" content=\"max-image-preview:large\" \/>\n\t<link rel=\"canonical\" href=\"https:\/\/diamondmicron.com\/tr\/endustriyel-gelistirmelerde-elmas-super-asindiricilarin-kullanimindan-nasil-yararlanilir\/\" \/>\n\t<meta name=\"generator\" content=\"All in One SEO Pro (AIOSEO) 4.8.3.2\" \/>\n\t\t<meta property=\"og:locale\" content=\"tr_TR\" \/>\n\t\t<meta property=\"og:site_name\" content=\"Your Trusted Supplier of Synthetic Diamond Powder &amp; Superabrasives - High-Quality Diamond Superabrasives for Global Applications\" \/>\n\t\t<meta property=\"og:type\" content=\"article\" \/>\n\t\t<meta property=\"og:title\" content=\"End\u00fcstriyel Geli\u015ftirmelerde Elmas S\u00fcper A\u015f\u0131nd\u0131r\u0131c\u0131lar\u0131n Kullan\u0131m\u0131ndan Nas\u0131l Yararlan\u0131l\u0131r? - Your Trusted Supplier of Synthetic Diamond Powder &amp; Superabrasives\" \/>\n\t\t<meta property=\"og:description\" content=\"BLOGLAR ve HABERLER SinoDiam Elmas Blogu | End\u00fcstriyel ve Laboratuvar Elmas BilgileriSinoDiam&#039;\u0131n elmas end\u00fcstrisiyle ilgili g\u00fcncel bilgilerini takip edin. Mikron elmaslar, testere tanecik uygulamalar\u0131, PDC kesiciler ve geli\u015fmi\u015f a\u015f\u0131nd\u0131r\u0131c\u0131 teknoloji hakk\u0131ndaki makaleleri inceleyin. Ba\u015flamaya haz\u0131r m\u0131s\u0131n\u0131z? Bug\u00fcn \u00dccretsiz Teklifinizi Al\u0131n\u00dccretsiz dan\u0131\u015fmanl\u0131k ve fiyat teklifi i\u00e7in bizimle ileti\u015fime ge\u00e7in. T\u00fcm end\u00fcstriyel elmas ihtiya\u00e7lar\u0131n\u0131zda size yard\u0131mc\u0131 olmak\" \/>\n\t\t<meta property=\"og:url\" content=\"https:\/\/diamondmicron.com\/tr\/endustriyel-gelistirmelerde-elmas-super-asindiricilarin-kullanimindan-nasil-yararlanilir\/\" \/>\n\t\t<meta property=\"og:image\" content=\"https:\/\/diamondmicron.com\/wp-content\/uploads\/2025\/10\/cropped-LOGO-NEW-1.jpg\" \/>\n\t\t<meta property=\"og:image:secure_url\" content=\"https:\/\/diamondmicron.com\/wp-content\/uploads\/2025\/10\/cropped-LOGO-NEW-1.jpg\" \/>\n\t\t<meta property=\"article:published_time\" content=\"2025-10-31T05:38:06+00:00\" \/>\n\t\t<meta property=\"article:modified_time\" content=\"2026-01-03T12:55:36+00:00\" \/>\n\t\t<meta property=\"article:publisher\" content=\"https:\/\/www.facebook.com\/diamondmicron\/\" \/>\n\t\t<meta name=\"twitter:card\" content=\"summary_large_image\" \/>\n\t\t<meta name=\"twitter:title\" content=\"End\u00fcstriyel Geli\u015ftirmelerde Elmas S\u00fcper A\u015f\u0131nd\u0131r\u0131c\u0131lar\u0131n Kullan\u0131m\u0131ndan Nas\u0131l Yararlan\u0131l\u0131r? - Your Trusted Supplier of Synthetic Diamond Powder &amp; Superabrasives\" \/>\n\t\t<meta name=\"twitter:description\" content=\"BLOGLAR ve HABERLER SinoDiam Elmas Blogu | End\u00fcstriyel ve Laboratuvar Elmas BilgileriSinoDiam&#039;\u0131n elmas end\u00fcstrisiyle ilgili g\u00fcncel bilgilerini takip edin. Mikron elmaslar, testere tanecik uygulamalar\u0131, PDC kesiciler ve geli\u015fmi\u015f a\u015f\u0131nd\u0131r\u0131c\u0131 teknoloji hakk\u0131ndaki makaleleri inceleyin. Ba\u015flamaya haz\u0131r m\u0131s\u0131n\u0131z? Bug\u00fcn \u00dccretsiz Teklifinizi Al\u0131n\u00dccretsiz dan\u0131\u015fmanl\u0131k ve fiyat teklifi i\u00e7in bizimle ileti\u015fime ge\u00e7in. T\u00fcm end\u00fcstriyel elmas ihtiya\u00e7lar\u0131n\u0131zda size yard\u0131mc\u0131 olmak\" \/>\n\t\t<meta name=\"twitter:image\" content=\"https:\/\/diamondmicron.com\/wp-content\/uploads\/2025\/10\/cropped-LOGO-NEW-1.jpg\" \/>\n\t\t<script type=\"application\/ld+json\" class=\"aioseo-schema\">\n\t\t\t{\"@context\":\"https:\\\/\\\/schema.org\",\"@graph\":[{\"@type\":\"BreadcrumbList\",\"@id\":\"https:\\\/\\\/diamondmicron.com\\\/tr\\\/endustriyel-gelistirmelerde-elmas-super-asindiricilarin-kullanimindan-nasil-yararlanilir\\\/#breadcrumblist\",\"itemListElement\":[{\"@type\":\"ListItem\",\"@id\":\"https:\\\/\\\/diamondmicron.com\\\/tr\\\/#listItem\",\"position\":1,\"name\":\"Home\",\"item\":\"https:\\\/\\\/diamondmicron.com\\\/tr\\\/\",\"nextItem\":{\"@type\":\"ListItem\",\"@id\":\"https:\\\/\\\/diamondmicron.com\\\/tr\\\/endustriyel-gelistirmelerde-elmas-super-asindiricilarin-kullanimindan-nasil-yararlanilir\\\/#listItem\",\"name\":\"End\\u00fcstriyel Geli\\u015ftirmelerde Elmas S\\u00fcper A\\u015f\\u0131nd\\u0131r\\u0131c\\u0131lar\\u0131n Kullan\\u0131m\\u0131ndan Nas\\u0131l Yararlan\\u0131l\\u0131r?\"}},{\"@type\":\"ListItem\",\"@id\":\"https:\\\/\\\/diamondmicron.com\\\/tr\\\/endustriyel-gelistirmelerde-elmas-super-asindiricilarin-kullanimindan-nasil-yararlanilir\\\/#listItem\",\"position\":2,\"name\":\"End\\u00fcstriyel Geli\\u015ftirmelerde Elmas S\\u00fcper A\\u015f\\u0131nd\\u0131r\\u0131c\\u0131lar\\u0131n Kullan\\u0131m\\u0131ndan Nas\\u0131l Yararlan\\u0131l\\u0131r?\",\"previousItem\":{\"@type\":\"ListItem\",\"@id\":\"https:\\\/\\\/diamondmicron.com\\\/tr\\\/#listItem\",\"name\":\"Home\"}}]},{\"@type\":\"Organization\",\"@id\":\"https:\\\/\\\/diamondmicron.com\\\/tr\\\/#organization\",\"name\":\"Your Trusted Supplier of Synthetic Diamond Powder & Superabrasives\",\"description\":\"High-Quality Diamond Superabrasives for Global Applications\",\"url\":\"https:\\\/\\\/diamondmicron.com\\\/tr\\\/\",\"logo\":{\"@type\":\"ImageObject\",\"url\":\"https:\\\/\\\/diamondmicron.com\\\/wp-content\\\/uploads\\\/2025\\\/10\\\/cropped-LOGO-NEW-1.jpg\",\"@id\":\"https:\\\/\\\/diamondmicron.com\\\/tr\\\/endustriyel-gelistirmelerde-elmas-super-asindiricilarin-kullanimindan-nasil-yararlanilir\\\/#organizationLogo\",\"width\":1165,\"height\":388},\"image\":{\"@id\":\"https:\\\/\\\/diamondmicron.com\\\/tr\\\/endustriyel-gelistirmelerde-elmas-super-asindiricilarin-kullanimindan-nasil-yararlanilir\\\/#organizationLogo\"},\"sameAs\":[\"https:\\\/\\\/www.linkedin.com\\\/company\\\/sinodiam-diamond-powder\"]},{\"@type\":\"WebPage\",\"@id\":\"https:\\\/\\\/diamondmicron.com\\\/tr\\\/endustriyel-gelistirmelerde-elmas-super-asindiricilarin-kullanimindan-nasil-yararlanilir\\\/#webpage\",\"url\":\"https:\\\/\\\/diamondmicron.com\\\/tr\\\/endustriyel-gelistirmelerde-elmas-super-asindiricilarin-kullanimindan-nasil-yararlanilir\\\/\",\"name\":\"End\\u00fcstriyel Geli\\u015ftirmelerde Elmas S\\u00fcper A\\u015f\\u0131nd\\u0131r\\u0131c\\u0131lar\\u0131n Kullan\\u0131m\\u0131ndan Nas\\u0131l Yararlan\\u0131l\\u0131r? - Your Trusted Supplier of Synthetic Diamond Powder & Superabrasives\",\"description\":\"BLOGLAR ve HABERLER SinoDiam Elmas Blogu | End\\u00fcstriyel ve Laboratuvar Elmas BilgileriSinoDiam'\\u0131n elmas end\\u00fcstrisiyle ilgili g\\u00fcncel bilgilerini takip edin. Mikron elmaslar, testere tanecik uygulamalar\\u0131, PDC kesiciler ve geli\\u015fmi\\u015f a\\u015f\\u0131nd\\u0131r\\u0131c\\u0131 teknoloji hakk\\u0131ndaki makaleleri inceleyin. Ba\\u015flamaya haz\\u0131r m\\u0131s\\u0131n\\u0131z? Bug\\u00fcn \\u00dccretsiz Teklifinizi Al\\u0131n\\u00dccretsiz dan\\u0131\\u015fmanl\\u0131k ve fiyat teklifi i\\u00e7in bizimle ileti\\u015fime ge\\u00e7in. T\\u00fcm end\\u00fcstriyel elmas ihtiya\\u00e7lar\\u0131n\\u0131zda size yard\\u0131mc\\u0131 olmak\",\"inLanguage\":\"tr-TR\",\"isPartOf\":{\"@id\":\"https:\\\/\\\/diamondmicron.com\\\/tr\\\/#website\"},\"breadcrumb\":{\"@id\":\"https:\\\/\\\/diamondmicron.com\\\/tr\\\/endustriyel-gelistirmelerde-elmas-super-asindiricilarin-kullanimindan-nasil-yararlanilir\\\/#breadcrumblist\"},\"datePublished\":\"2025-10-31T05:38:06+00:00\",\"dateModified\":\"2026-01-03T12:55:36+00:00\"},{\"@type\":\"WebSite\",\"@id\":\"https:\\\/\\\/diamondmicron.com\\\/tr\\\/#website\",\"url\":\"https:\\\/\\\/diamondmicron.com\\\/tr\\\/\",\"name\":\"Your Trusted Supplier of Synthetic Diamond Powder & Superabrasives\",\"description\":\"High-Quality Diamond Superabrasives for Global Applications\",\"inLanguage\":\"tr-TR\",\"publisher\":{\"@id\":\"https:\\\/\\\/diamondmicron.com\\\/tr\\\/#organization\"}}]}\n\t\t<\/script>\n\t\t<!-- All in One SEO Pro -->\r\n\t\t<title>End\u00fcstriyel Geli\u015ftirmelerde Elmas S\u00fcper A\u015f\u0131nd\u0131r\u0131c\u0131lar\u0131n Kullan\u0131m\u0131ndan Nas\u0131l Yararlan\u0131l\u0131r? - Your Trusted Supplier of Synthetic Diamond Powder &amp; Superabrasives<\/title>\n\n","aioseo_head_json":{"title":"End\u00fcstriyel Geli\u015ftirmelerde Elmas S\u00fcper A\u015f\u0131nd\u0131r\u0131c\u0131lar\u0131n Kullan\u0131m\u0131ndan Nas\u0131l Yararlan\u0131l\u0131r? - Your Trusted Supplier of Synthetic Diamond Powder & Superabrasives","description":"BLOGLAR ve HABERLER SinoDiam Elmas Blogu | End\u00fcstriyel ve Laboratuvar Elmas BilgileriSinoDiam'\u0131n elmas end\u00fcstrisiyle ilgili g\u00fcncel bilgilerini takip edin. Mikron elmaslar, testere tanecik uygulamalar\u0131, PDC kesiciler ve geli\u015fmi\u015f a\u015f\u0131nd\u0131r\u0131c\u0131 teknoloji hakk\u0131ndaki makaleleri inceleyin. Ba\u015flamaya haz\u0131r m\u0131s\u0131n\u0131z? Bug\u00fcn \u00dccretsiz Teklifinizi Al\u0131n\u00dccretsiz dan\u0131\u015fmanl\u0131k ve fiyat teklifi i\u00e7in bizimle ileti\u015fime ge\u00e7in. T\u00fcm end\u00fcstriyel elmas ihtiya\u00e7lar\u0131n\u0131zda size yard\u0131mc\u0131 olmak","canonical_url":"https:\/\/diamondmicron.com\/tr\/endustriyel-gelistirmelerde-elmas-super-asindiricilarin-kullanimindan-nasil-yararlanilir\/","robots":"max-image-preview:large","keywords":"","webmasterTools":{"miscellaneous":""},"schema":{"@context":"https:\/\/schema.org","@graph":[{"@type":"BreadcrumbList","@id":"https:\/\/diamondmicron.com\/tr\/endustriyel-gelistirmelerde-elmas-super-asindiricilarin-kullanimindan-nasil-yararlanilir\/#breadcrumblist","itemListElement":[{"@type":"ListItem","@id":"https:\/\/diamondmicron.com\/tr\/#listItem","position":1,"name":"Home","item":"https:\/\/diamondmicron.com\/tr\/","nextItem":{"@type":"ListItem","@id":"https:\/\/diamondmicron.com\/tr\/endustriyel-gelistirmelerde-elmas-super-asindiricilarin-kullanimindan-nasil-yararlanilir\/#listItem","name":"End\u00fcstriyel Geli\u015ftirmelerde Elmas S\u00fcper A\u015f\u0131nd\u0131r\u0131c\u0131lar\u0131n Kullan\u0131m\u0131ndan Nas\u0131l Yararlan\u0131l\u0131r?"}},{"@type":"ListItem","@id":"https:\/\/diamondmicron.com\/tr\/endustriyel-gelistirmelerde-elmas-super-asindiricilarin-kullanimindan-nasil-yararlanilir\/#listItem","position":2,"name":"End\u00fcstriyel Geli\u015ftirmelerde Elmas S\u00fcper A\u015f\u0131nd\u0131r\u0131c\u0131lar\u0131n Kullan\u0131m\u0131ndan Nas\u0131l Yararlan\u0131l\u0131r?","previousItem":{"@type":"ListItem","@id":"https:\/\/diamondmicron.com\/tr\/#listItem","name":"Home"}}]},{"@type":"Organization","@id":"https:\/\/diamondmicron.com\/tr\/#organization","name":"Your Trusted Supplier of Synthetic Diamond Powder & Superabrasives","description":"High-Quality Diamond Superabrasives for Global Applications","url":"https:\/\/diamondmicron.com\/tr\/","logo":{"@type":"ImageObject","url":"https:\/\/diamondmicron.com\/wp-content\/uploads\/2025\/10\/cropped-LOGO-NEW-1.jpg","@id":"https:\/\/diamondmicron.com\/tr\/endustriyel-gelistirmelerde-elmas-super-asindiricilarin-kullanimindan-nasil-yararlanilir\/#organizationLogo","width":1165,"height":388},"image":{"@id":"https:\/\/diamondmicron.com\/tr\/endustriyel-gelistirmelerde-elmas-super-asindiricilarin-kullanimindan-nasil-yararlanilir\/#organizationLogo"},"sameAs":["https:\/\/www.linkedin.com\/company\/sinodiam-diamond-powder"]},{"@type":"WebPage","@id":"https:\/\/diamondmicron.com\/tr\/endustriyel-gelistirmelerde-elmas-super-asindiricilarin-kullanimindan-nasil-yararlanilir\/#webpage","url":"https:\/\/diamondmicron.com\/tr\/endustriyel-gelistirmelerde-elmas-super-asindiricilarin-kullanimindan-nasil-yararlanilir\/","name":"End\u00fcstriyel Geli\u015ftirmelerde Elmas S\u00fcper A\u015f\u0131nd\u0131r\u0131c\u0131lar\u0131n Kullan\u0131m\u0131ndan Nas\u0131l Yararlan\u0131l\u0131r? - Your Trusted Supplier of Synthetic Diamond Powder & Superabrasives","description":"BLOGLAR ve HABERLER SinoDiam Elmas Blogu | End\u00fcstriyel ve Laboratuvar Elmas BilgileriSinoDiam'\u0131n elmas end\u00fcstrisiyle ilgili g\u00fcncel bilgilerini takip edin. Mikron elmaslar, testere tanecik uygulamalar\u0131, PDC kesiciler ve geli\u015fmi\u015f a\u015f\u0131nd\u0131r\u0131c\u0131 teknoloji hakk\u0131ndaki makaleleri inceleyin. Ba\u015flamaya haz\u0131r m\u0131s\u0131n\u0131z? Bug\u00fcn \u00dccretsiz Teklifinizi Al\u0131n\u00dccretsiz dan\u0131\u015fmanl\u0131k ve fiyat teklifi i\u00e7in bizimle ileti\u015fime ge\u00e7in. T\u00fcm end\u00fcstriyel elmas ihtiya\u00e7lar\u0131n\u0131zda size yard\u0131mc\u0131 olmak","inLanguage":"tr-TR","isPartOf":{"@id":"https:\/\/diamondmicron.com\/tr\/#website"},"breadcrumb":{"@id":"https:\/\/diamondmicron.com\/tr\/endustriyel-gelistirmelerde-elmas-super-asindiricilarin-kullanimindan-nasil-yararlanilir\/#breadcrumblist"},"datePublished":"2025-10-31T05:38:06+00:00","dateModified":"2026-01-03T12:55:36+00:00"},{"@type":"WebSite","@id":"https:\/\/diamondmicron.com\/tr\/#website","url":"https:\/\/diamondmicron.com\/tr\/","name":"Your Trusted Supplier of Synthetic Diamond Powder & Superabrasives","description":"High-Quality Diamond Superabrasives for Global Applications","inLanguage":"tr-TR","publisher":{"@id":"https:\/\/diamondmicron.com\/tr\/#organization"}}]},"og:locale":"tr_TR","og:site_name":"Your Trusted Supplier of Synthetic Diamond Powder &amp; Superabrasives - High-Quality Diamond Superabrasives for Global Applications","og:type":"article","og:title":"End\u00fcstriyel Geli\u015ftirmelerde Elmas S\u00fcper A\u015f\u0131nd\u0131r\u0131c\u0131lar\u0131n Kullan\u0131m\u0131ndan Nas\u0131l Yararlan\u0131l\u0131r? - Your Trusted Supplier of Synthetic Diamond Powder &amp; Superabrasives","og:description":"BLOGLAR ve HABERLER SinoDiam Elmas Blogu | End\u00fcstriyel ve Laboratuvar Elmas BilgileriSinoDiam'\u0131n elmas end\u00fcstrisiyle ilgili g\u00fcncel bilgilerini takip edin. Mikron elmaslar, testere tanecik uygulamalar\u0131, PDC kesiciler ve geli\u015fmi\u015f a\u015f\u0131nd\u0131r\u0131c\u0131 teknoloji hakk\u0131ndaki makaleleri inceleyin. Ba\u015flamaya haz\u0131r m\u0131s\u0131n\u0131z? Bug\u00fcn \u00dccretsiz Teklifinizi Al\u0131n\u00dccretsiz dan\u0131\u015fmanl\u0131k ve fiyat teklifi i\u00e7in bizimle ileti\u015fime ge\u00e7in. T\u00fcm end\u00fcstriyel elmas ihtiya\u00e7lar\u0131n\u0131zda size yard\u0131mc\u0131 olmak","og:url":"https:\/\/diamondmicron.com\/tr\/endustriyel-gelistirmelerde-elmas-super-asindiricilarin-kullanimindan-nasil-yararlanilir\/","og:image":"https:\/\/diamondmicron.com\/wp-content\/uploads\/2025\/10\/cropped-LOGO-NEW-1.jpg","og:image:secure_url":"https:\/\/diamondmicron.com\/wp-content\/uploads\/2025\/10\/cropped-LOGO-NEW-1.jpg","article:published_time":"2025-10-31T05:38:06+00:00","article:modified_time":"2026-01-03T12:55:36+00:00","article:publisher":"https:\/\/www.facebook.com\/diamondmicron\/","twitter:card":"summary_large_image","twitter:title":"End\u00fcstriyel Geli\u015ftirmelerde Elmas S\u00fcper A\u015f\u0131nd\u0131r\u0131c\u0131lar\u0131n Kullan\u0131m\u0131ndan Nas\u0131l Yararlan\u0131l\u0131r? - Your Trusted Supplier of Synthetic Diamond Powder &amp; Superabrasives","twitter:description":"BLOGLAR ve HABERLER SinoDiam Elmas Blogu | End\u00fcstriyel ve Laboratuvar Elmas BilgileriSinoDiam'\u0131n elmas end\u00fcstrisiyle ilgili g\u00fcncel bilgilerini takip edin. Mikron elmaslar, testere tanecik uygulamalar\u0131, PDC kesiciler ve geli\u015fmi\u015f a\u015f\u0131nd\u0131r\u0131c\u0131 teknoloji hakk\u0131ndaki makaleleri inceleyin. Ba\u015flamaya haz\u0131r m\u0131s\u0131n\u0131z? Bug\u00fcn \u00dccretsiz Teklifinizi Al\u0131n\u00dccretsiz dan\u0131\u015fmanl\u0131k ve fiyat teklifi i\u00e7in bizimle ileti\u015fime ge\u00e7in. T\u00fcm end\u00fcstriyel elmas ihtiya\u00e7lar\u0131n\u0131zda size yard\u0131mc\u0131 olmak","twitter:image":"https:\/\/diamondmicron.com\/wp-content\/uploads\/2025\/10\/cropped-LOGO-NEW-1.jpg"},"aioseo_meta_data":[],"aioseo_breadcrumb":"<div class=\"aioseo-breadcrumbs\"><span class=\"aioseo-breadcrumb\">\n\t<a href=\"https:\/\/diamondmicron.com\/tr\/\" title=\"Home\">Home<\/a>\n<\/span><span class=\"aioseo-breadcrumb-separator\">\u00bb<\/span><span class=\"aioseo-breadcrumb\">\n\tEnd\u00fcstriyel Geli\u015ftirmelerde Elmas S\u00fcper A\u015f\u0131nd\u0131r\u0131c\u0131lar\u0131n Kullan\u0131m\u0131ndan Nas\u0131l Yararlan\u0131l\u0131r?\n<\/span><\/div>","aioseo_breadcrumb_json":[{"label":"Home","link":"https:\/\/diamondmicron.com\/tr\/"},{"label":"End\u00fcstriyel Geli\u015ftirmelerde Elmas S\u00fcper A\u015f\u0131nd\u0131r\u0131c\u0131lar\u0131n Kullan\u0131m\u0131ndan Nas\u0131l Yararlan\u0131l\u0131r?","link":"https:\/\/diamondmicron.com\/tr\/endustriyel-gelistirmelerde-elmas-super-asindiricilarin-kullanimindan-nasil-yararlanilir\/"}],"_links":{"self":[{"href":"https:\/\/diamondmicron.com\/tr\/wp-json\/wp\/v2\/pages\/6810","targetHints":{"allow":["GET"]}}],"collection":[{"href":"https:\/\/diamondmicron.com\/tr\/wp-json\/wp\/v2\/pages"}],"about":[{"href":"https:\/\/diamondmicron.com\/tr\/wp-json\/wp\/v2\/types\/page"}],"author":[{"embeddable":true,"href":"https:\/\/diamondmicron.com\/tr\/wp-json\/wp\/v2\/users\/1"}],"replies":[{"embeddable":true,"href":"https:\/\/diamondmicron.com\/tr\/wp-json\/wp\/v2\/comments?post=6810"}],"version-history":[{"count":1,"href":"https:\/\/diamondmicron.com\/tr\/wp-json\/wp\/v2\/pages\/6810\/revisions"}],"predecessor-version":[{"id":6812,"href":"https:\/\/diamondmicron.com\/tr\/wp-json\/wp\/v2\/pages\/6810\/revisions\/6812"}],"wp:attachment":[{"href":"https:\/\/diamondmicron.com\/tr\/wp-json\/wp\/v2\/media?parent=6810"}],"curies":[{"name":"wp","href":"https:\/\/api.w.org\/{rel}","templated":true}]}}