{"id":6806,"date":"2025-11-08T07:39:33","date_gmt":"2025-11-08T07:39:33","guid":{"rendered":"https:\/\/diamondmicron.com\/elmas-bilgi-merkezi-super-asindirici-uygulamalar-icin-teknik-kilavuzlar-ve-endustriyel-cozumler\/"},"modified":"2026-01-03T12:47:56","modified_gmt":"2026-01-03T12:47:56","slug":"elmas-bilgi-merkezi-super-asindirici-uygulamalar-icin-teknik-kilavuzlar-ve-endustriyel-cozumler","status":"publish","type":"page","link":"https:\/\/diamondmicron.com\/tr\/elmas-bilgi-merkezi-super-asindirici-uygulamalar-icin-teknik-kilavuzlar-ve-endustriyel-cozumler\/","title":{"rendered":"Elmas Bilgi Merkezi | S\u00fcper A\u015f\u0131nd\u0131r\u0131c\u0131 Uygulamalar i\u00e7in Teknik K\u0131lavuzlar ve End\u00fcstriyel \u00c7\u00f6z\u00fcmler"},"content":{"rendered":"\n<p>End\u00fcstriyel elmas teknolojisi, malzeme bilimi bilgileri ve ger\u00e7ek d\u00fcnya s\u00fcper a\u015f\u0131nd\u0131r\u0131c\u0131 uygulamalar\u0131 i\u00e7in kapsaml\u0131 bir merkez olan SinoDiam Bilgi Merkezi&#8217;ne ho\u015f geldiniz.<\/p>\n\n<p>Bu b\u00f6l\u00fcm, m\u00fchendislerin, ara\u015ft\u0131rmac\u0131lar\u0131n ve \u00fcreticilerin, mikron elmas tozundan ve testere taneli elmastan, ta\u015flama, kesme ve delme uygulamalar\u0131nda kullan\u0131lan PCD ve PDC kesicilere kadar sentetik elmas malzemelerinin her y\u00f6n\u00fcn\u00fc anlamalar\u0131na yard\u0131mc\u0131 olmak i\u00e7in tasarlanm\u0131\u015ft\u0131r.<\/p>\n\n<p>Bilgi Merkezimiz iki ana kaynak sunmaktad\u0131r:<\/p>\n\n<h3 class=\"wp-block-heading\">\ud83d\udd39 Teknik K\u0131lavuz<\/h3>\n\n<p>End\u00fcstriyel elmaslar\u0131n ve s\u00fcper a\u015f\u0131nd\u0131r\u0131c\u0131lar\u0131n ard\u0131ndaki bilime dal\u0131n. Y\u00fcksek bas\u0131n\u00e7, y\u00fcksek s\u0131cakl\u0131k ve kimyasal buharla\u015ft\u0131rma (HPHT) elmas t\u00fcrleri, elmas tane boyutu s\u0131n\u0131fland\u0131rmas\u0131, ba\u011flama sistemleri, kaplama teknolojileri ve tak\u0131m tasar\u0131m\u0131 ve performans optimizasyonu i\u00e7in en iyi uygulamalar hakk\u0131nda bilgi edinin. Hassas parlatma i\u00e7in do\u011fru elmas tozunu se\u00e7iyor veya a\u015f\u0131nma direncini art\u0131rmak i\u00e7in kaplamal\u0131 elmaslar\u0131 de\u011ferlendiriyor olun, bu b\u00f6l\u00fcm derin teknik bilgiler ve veriye dayal\u0131 uzmanl\u0131k sunmaktad\u0131r.  <\/p>\n\n<h3 class=\"wp-block-heading\">\ud83d\udd39 End\u00fcstriyel \u00c7\u00f6z\u00fcmler<\/h3>\n\n<p>Elmas \u00fcr\u00fcnlerimizin sekt\u00f6rler genelinde ger\u00e7ek d\u00fcnya performans\u0131na nas\u0131l g\u00fc\u00e7 katt\u0131\u011f\u0131n\u0131 g\u00f6r\u00fcn. Metal i\u015fleme, optik, elektronik, in\u015faat, madencilik ve petrol &amp; gaz sondaj\u0131 i\u00e7in vaka \u00e7al\u0131\u015fmalar\u0131 ve uygulama \u00e7\u00f6z\u00fcmlerini inceleyin. SinoDiam&#8217;\u0131n m\u00fchendislik \u00fcr\u00fcn\u00fc s\u00fcper a\u015f\u0131nd\u0131r\u0131c\u0131 malzemelerinin en zorlu ortamlarda nas\u0131l \u00fcst\u00fcn kesme h\u0131z\u0131, dayan\u0131kl\u0131l\u0131k ve maliyet verimlili\u011fi sa\u011flad\u0131\u011f\u0131n\u0131 ke\u015ffedin.  <\/p>\n\n<p>Bu kaynaklar\u0131n bir araya gelmesiyle SinoDiam Bilgi Merkezi, sentetik elmaslar\u0131n bilimi ve uygulamalar\u0131nda uzmanla\u015fman\u0131z i\u00e7in g\u00fcvenilir rehberiniz haline gelir ve her kesim, ta\u015flama ve parlatma i\u015fleminde en iyi sonu\u00e7lar\u0131 elde etmenize yard\u0131mc\u0131 olur.<\/p>\n\n<p class=\"has-ast-global-color-5-background-color has-background\"><\/p>\n\n<p><\/p>\n","protected":false},"excerpt":{"rendered":"<p>End\u00fcstriyel elmas teknolojisi, malzeme bilimi bilgileri ve ger\u00e7ek d\u00fcnya s\u00fcper a\u015f\u0131nd\u0131r\u0131c\u0131 uygulamalar\u0131 i\u00e7in kapsaml\u0131 bir merkez olan SinoDiam Bilgi Merkezi&#8217;ne [&hellip;]<\/p>\n","protected":false},"author":1,"featured_media":0,"parent":0,"menu_order":0,"comment_status":"closed","ping_status":"closed","template":"","meta":{"om_disable_all_campaigns":false,"_uag_custom_page_level_css":"","_monsterinsights_skip_tracking":false,"_monsterinsights_sitenote_active":false,"_monsterinsights_sitenote_note":"","_monsterinsights_sitenote_category":0,"site-sidebar-layout":"default","site-content-layout":"","ast-site-content-layout":"normal-width-container","site-content-style":"default","site-sidebar-style":"default","ast-global-header-display":"","ast-banner-title-visibility":"","ast-main-header-display":"","ast-hfb-above-header-display":"","ast-hfb-below-header-display":"","ast-hfb-mobile-header-display":"","site-post-title":"","ast-breadcrumbs-content":"","ast-featured-img":"","footer-sml-layout":"","ast-disable-related-posts":"","theme-transparent-header-meta":"","adv-header-id-meta":"","stick-header-meta":"","header-above-stick-meta":"","header-main-stick-meta":"","header-below-stick-meta":"","astra-migrate-meta-layouts":"default","ast-page-background-enabled":"default","ast-page-background-meta":{"desktop":{"background-color":"var(--ast-global-color-5)","background-image":"","background-repeat":"repeat","background-position":"center center","background-size":"auto","background-attachment":"scroll","background-type":"","background-media":"","overlay-type":"","overlay-color":"","overlay-opacity":"","overlay-gradient":""},"tablet":{"background-color":"","background-image":"","background-repeat":"repeat","background-position":"center center","background-size":"auto","background-attachment":"scroll","background-type":"","background-media":"","overlay-type":"","overlay-color":"","overlay-opacity":"","overlay-gradient":""},"mobile":{"background-color":"","background-image":"","background-repeat":"repeat","background-position":"center center","background-size":"auto","background-attachment":"scroll","background-type":"","background-media":"","overlay-type":"","overlay-color":"","overlay-opacity":"","overlay-gradient":""}},"ast-content-background-meta":{"desktop":{"background-color":"var(--ast-global-color-4)","background-image":"","background-repeat":"repeat","background-position":"center center","background-size":"auto","background-attachment":"scroll","background-type":"","background-media":"","overlay-type":"","overlay-color":"","overlay-opacity":"","overlay-gradient":""},"tablet":{"background-color":"var(--ast-global-color-4)","background-image":"","background-repeat":"repeat","background-position":"center center","background-size":"auto","background-attachment":"scroll","background-type":"","background-media":"","overlay-type":"","overlay-color":"","overlay-opacity":"","overlay-gradient":""},"mobile":{"background-color":"var(--ast-global-color-4)","background-image":"","background-repeat":"repeat","background-position":"center center","background-size":"auto","background-attachment":"scroll","background-type":"","background-media":"","overlay-type":"","overlay-color":"","overlay-opacity":"","overlay-gradient":""}},"_joinchat":[],"footnotes":""},"class_list":["post-6806","page","type-page","status-publish","hentry"],"aioseo_notices":[],"uagb_featured_image_src":{"full":false,"thumbnail":false,"medium":false,"medium_large":false,"large":false,"1536x1536":false,"2048x2048":false,"woocommerce_thumbnail":false,"woocommerce_single":false,"woocommerce_gallery_thumbnail":false},"uagb_author_info":{"display_name":"SinoDiam Technical Team","author_link":"https:\/\/diamondmicron.com\/tr\/author\/sinodiam2013gmail-com\/"},"uagb_comment_info":0,"uagb_excerpt":"End\u00fcstriyel elmas teknolojisi, malzeme bilimi bilgileri ve ger\u00e7ek d\u00fcnya s\u00fcper a\u015f\u0131nd\u0131r\u0131c\u0131 uygulamalar\u0131 i\u00e7in kapsaml\u0131 bir merkez olan SinoDiam Bilgi Merkezi&#8217;ne [&hellip;]","aioseo_head":"\n\t\t<!-- All in One SEO Pro 4.8.3.2 - aioseo.com -->\n\t<meta name=\"description\" content=\"End\u00fcstriyel elmas teknolojisi, malzeme bilimi bilgileri ve ger\u00e7ek d\u00fcnya s\u00fcper a\u015f\u0131nd\u0131r\u0131c\u0131 uygulamalar\u0131 i\u00e7in kapsaml\u0131 bir merkez olan SinoDiam Bilgi Merkezi&#039;ne ho\u015f geldiniz. Bu b\u00f6l\u00fcm, m\u00fchendislerin, ara\u015ft\u0131rmac\u0131lar\u0131n ve \u00fcreticilerin, mikron elmas tozundan ve testere taneli elmastan, ta\u015flama, kesme ve delme uygulamalar\u0131nda kullan\u0131lan PCD ve PDC kesicilere kadar sentetik elmas malzemelerinin her y\u00f6n\u00fcn\u00fc anlamalar\u0131na yard\u0131mc\u0131 olmak i\u00e7in\" \/>\n\t<meta name=\"robots\" content=\"max-image-preview:large\" \/>\n\t<link rel=\"canonical\" href=\"https:\/\/diamondmicron.com\/tr\/elmas-bilgi-merkezi-super-asindirici-uygulamalar-icin-teknik-kilavuzlar-ve-endustriyel-cozumler\/\" \/>\n\t<meta name=\"generator\" content=\"All in One SEO Pro (AIOSEO) 4.8.3.2\" \/>\n\t\t<meta property=\"og:locale\" content=\"tr_TR\" \/>\n\t\t<meta property=\"og:site_name\" content=\"Your Trusted Supplier of Synthetic Diamond Powder &amp; Superabrasives - High-Quality Diamond Superabrasives for Global Applications\" \/>\n\t\t<meta property=\"og:type\" content=\"article\" \/>\n\t\t<meta property=\"og:title\" content=\"Elmas Bilgi Merkezi | S\u00fcper A\u015f\u0131nd\u0131r\u0131c\u0131 Uygulamalar i\u00e7in Teknik K\u0131lavuzlar ve End\u00fcstriyel \u00c7\u00f6z\u00fcmler - Your Trusted Supplier of Synthetic Diamond Powder &amp; Superabrasives\" \/>\n\t\t<meta property=\"og:description\" content=\"End\u00fcstriyel elmas teknolojisi, malzeme bilimi bilgileri ve ger\u00e7ek d\u00fcnya s\u00fcper a\u015f\u0131nd\u0131r\u0131c\u0131 uygulamalar\u0131 i\u00e7in kapsaml\u0131 bir merkez olan SinoDiam Bilgi Merkezi&#039;ne ho\u015f geldiniz. Bu b\u00f6l\u00fcm, m\u00fchendislerin, ara\u015ft\u0131rmac\u0131lar\u0131n ve \u00fcreticilerin, mikron elmas tozundan ve testere taneli elmastan, ta\u015flama, kesme ve delme uygulamalar\u0131nda kullan\u0131lan PCD ve PDC kesicilere kadar sentetik elmas malzemelerinin her y\u00f6n\u00fcn\u00fc anlamalar\u0131na yard\u0131mc\u0131 olmak i\u00e7in\" \/>\n\t\t<meta property=\"og:url\" content=\"https:\/\/diamondmicron.com\/tr\/elmas-bilgi-merkezi-super-asindirici-uygulamalar-icin-teknik-kilavuzlar-ve-endustriyel-cozumler\/\" \/>\n\t\t<meta property=\"og:image\" content=\"https:\/\/diamondmicron.com\/wp-content\/uploads\/2025\/10\/cropped-LOGO-NEW-1.jpg\" \/>\n\t\t<meta property=\"og:image:secure_url\" content=\"https:\/\/diamondmicron.com\/wp-content\/uploads\/2025\/10\/cropped-LOGO-NEW-1.jpg\" \/>\n\t\t<meta property=\"article:published_time\" content=\"2025-11-08T07:39:33+00:00\" \/>\n\t\t<meta property=\"article:modified_time\" content=\"2026-01-03T12:47:56+00:00\" \/>\n\t\t<meta property=\"article:publisher\" content=\"https:\/\/www.facebook.com\/diamondmicron\/\" \/>\n\t\t<meta name=\"twitter:card\" content=\"summary_large_image\" \/>\n\t\t<meta name=\"twitter:title\" content=\"Elmas Bilgi Merkezi | S\u00fcper A\u015f\u0131nd\u0131r\u0131c\u0131 Uygulamalar i\u00e7in Teknik K\u0131lavuzlar ve End\u00fcstriyel \u00c7\u00f6z\u00fcmler - Your Trusted Supplier of Synthetic Diamond Powder &amp; Superabrasives\" \/>\n\t\t<meta name=\"twitter:description\" content=\"End\u00fcstriyel elmas teknolojisi, malzeme bilimi bilgileri ve ger\u00e7ek d\u00fcnya s\u00fcper a\u015f\u0131nd\u0131r\u0131c\u0131 uygulamalar\u0131 i\u00e7in kapsaml\u0131 bir merkez olan SinoDiam Bilgi Merkezi&#039;ne ho\u015f geldiniz. Bu b\u00f6l\u00fcm, m\u00fchendislerin, ara\u015ft\u0131rmac\u0131lar\u0131n ve \u00fcreticilerin, mikron elmas tozundan ve testere taneli elmastan, ta\u015flama, kesme ve delme uygulamalar\u0131nda kullan\u0131lan PCD ve PDC kesicilere kadar sentetik elmas malzemelerinin her y\u00f6n\u00fcn\u00fc anlamalar\u0131na yard\u0131mc\u0131 olmak i\u00e7in\" \/>\n\t\t<meta name=\"twitter:image\" content=\"https:\/\/diamondmicron.com\/wp-content\/uploads\/2025\/10\/cropped-LOGO-NEW-1.jpg\" \/>\n\t\t<script type=\"application\/ld+json\" class=\"aioseo-schema\">\n\t\t\t{\"@context\":\"https:\\\/\\\/schema.org\",\"@graph\":[{\"@type\":\"BreadcrumbList\",\"@id\":\"https:\\\/\\\/diamondmicron.com\\\/tr\\\/elmas-bilgi-merkezi-super-asindirici-uygulamalar-icin-teknik-kilavuzlar-ve-endustriyel-cozumler\\\/#breadcrumblist\",\"itemListElement\":[{\"@type\":\"ListItem\",\"@id\":\"https:\\\/\\\/diamondmicron.com\\\/tr\\\/#listItem\",\"position\":1,\"name\":\"Home\",\"item\":\"https:\\\/\\\/diamondmicron.com\\\/tr\\\/\",\"nextItem\":{\"@type\":\"ListItem\",\"@id\":\"https:\\\/\\\/diamondmicron.com\\\/tr\\\/elmas-bilgi-merkezi-super-asindirici-uygulamalar-icin-teknik-kilavuzlar-ve-endustriyel-cozumler\\\/#listItem\",\"name\":\"Elmas Bilgi Merkezi | S\\u00fcper A\\u015f\\u0131nd\\u0131r\\u0131c\\u0131 Uygulamalar i\\u00e7in Teknik K\\u0131lavuzlar ve End\\u00fcstriyel \\u00c7\\u00f6z\\u00fcmler\"}},{\"@type\":\"ListItem\",\"@id\":\"https:\\\/\\\/diamondmicron.com\\\/tr\\\/elmas-bilgi-merkezi-super-asindirici-uygulamalar-icin-teknik-kilavuzlar-ve-endustriyel-cozumler\\\/#listItem\",\"position\":2,\"name\":\"Elmas Bilgi Merkezi | S\\u00fcper A\\u015f\\u0131nd\\u0131r\\u0131c\\u0131 Uygulamalar i\\u00e7in Teknik K\\u0131lavuzlar ve End\\u00fcstriyel \\u00c7\\u00f6z\\u00fcmler\",\"previousItem\":{\"@type\":\"ListItem\",\"@id\":\"https:\\\/\\\/diamondmicron.com\\\/tr\\\/#listItem\",\"name\":\"Home\"}}]},{\"@type\":\"Organization\",\"@id\":\"https:\\\/\\\/diamondmicron.com\\\/tr\\\/#organization\",\"name\":\"Your Trusted Supplier of Synthetic Diamond Powder & Superabrasives\",\"description\":\"High-Quality Diamond Superabrasives for Global Applications\",\"url\":\"https:\\\/\\\/diamondmicron.com\\\/tr\\\/\",\"logo\":{\"@type\":\"ImageObject\",\"url\":\"https:\\\/\\\/diamondmicron.com\\\/wp-content\\\/uploads\\\/2025\\\/10\\\/cropped-LOGO-NEW-1.jpg\",\"@id\":\"https:\\\/\\\/diamondmicron.com\\\/tr\\\/elmas-bilgi-merkezi-super-asindirici-uygulamalar-icin-teknik-kilavuzlar-ve-endustriyel-cozumler\\\/#organizationLogo\",\"width\":1165,\"height\":388},\"image\":{\"@id\":\"https:\\\/\\\/diamondmicron.com\\\/tr\\\/elmas-bilgi-merkezi-super-asindirici-uygulamalar-icin-teknik-kilavuzlar-ve-endustriyel-cozumler\\\/#organizationLogo\"},\"sameAs\":[\"https:\\\/\\\/www.linkedin.com\\\/company\\\/sinodiam-diamond-powder\"]},{\"@type\":\"WebPage\",\"@id\":\"https:\\\/\\\/diamondmicron.com\\\/tr\\\/elmas-bilgi-merkezi-super-asindirici-uygulamalar-icin-teknik-kilavuzlar-ve-endustriyel-cozumler\\\/#webpage\",\"url\":\"https:\\\/\\\/diamondmicron.com\\\/tr\\\/elmas-bilgi-merkezi-super-asindirici-uygulamalar-icin-teknik-kilavuzlar-ve-endustriyel-cozumler\\\/\",\"name\":\"Elmas Bilgi Merkezi | S\\u00fcper A\\u015f\\u0131nd\\u0131r\\u0131c\\u0131 Uygulamalar i\\u00e7in Teknik K\\u0131lavuzlar ve End\\u00fcstriyel \\u00c7\\u00f6z\\u00fcmler - Your Trusted Supplier of Synthetic Diamond Powder & Superabrasives\",\"description\":\"End\\u00fcstriyel elmas teknolojisi, malzeme bilimi bilgileri ve ger\\u00e7ek d\\u00fcnya s\\u00fcper a\\u015f\\u0131nd\\u0131r\\u0131c\\u0131 uygulamalar\\u0131 i\\u00e7in kapsaml\\u0131 bir merkez olan SinoDiam Bilgi Merkezi'ne ho\\u015f geldiniz. Bu b\\u00f6l\\u00fcm, m\\u00fchendislerin, ara\\u015ft\\u0131rmac\\u0131lar\\u0131n ve \\u00fcreticilerin, mikron elmas tozundan ve testere taneli elmastan, ta\\u015flama, kesme ve delme uygulamalar\\u0131nda kullan\\u0131lan PCD ve PDC kesicilere kadar sentetik elmas malzemelerinin her y\\u00f6n\\u00fcn\\u00fc anlamalar\\u0131na yard\\u0131mc\\u0131 olmak i\\u00e7in\",\"inLanguage\":\"tr-TR\",\"isPartOf\":{\"@id\":\"https:\\\/\\\/diamondmicron.com\\\/tr\\\/#website\"},\"breadcrumb\":{\"@id\":\"https:\\\/\\\/diamondmicron.com\\\/tr\\\/elmas-bilgi-merkezi-super-asindirici-uygulamalar-icin-teknik-kilavuzlar-ve-endustriyel-cozumler\\\/#breadcrumblist\"},\"datePublished\":\"2025-11-08T07:39:33+00:00\",\"dateModified\":\"2026-01-03T12:47:56+00:00\"},{\"@type\":\"WebSite\",\"@id\":\"https:\\\/\\\/diamondmicron.com\\\/tr\\\/#website\",\"url\":\"https:\\\/\\\/diamondmicron.com\\\/tr\\\/\",\"name\":\"Your Trusted Supplier of Synthetic Diamond Powder & Superabrasives\",\"description\":\"High-Quality Diamond Superabrasives for Global Applications\",\"inLanguage\":\"tr-TR\",\"publisher\":{\"@id\":\"https:\\\/\\\/diamondmicron.com\\\/tr\\\/#organization\"}}]}\n\t\t<\/script>\n\t\t<!-- All in One SEO Pro -->\r\n\t\t<title>Elmas Bilgi Merkezi | S\u00fcper A\u015f\u0131nd\u0131r\u0131c\u0131 Uygulamalar i\u00e7in Teknik K\u0131lavuzlar ve End\u00fcstriyel \u00c7\u00f6z\u00fcmler - Your Trusted Supplier of Synthetic Diamond Powder &amp; Superabrasives<\/title>\n\n","aioseo_head_json":{"title":"Elmas Bilgi Merkezi | S\u00fcper A\u015f\u0131nd\u0131r\u0131c\u0131 Uygulamalar i\u00e7in Teknik K\u0131lavuzlar ve End\u00fcstriyel \u00c7\u00f6z\u00fcmler - Your Trusted Supplier of Synthetic Diamond Powder & Superabrasives","description":"End\u00fcstriyel elmas teknolojisi, malzeme bilimi bilgileri ve ger\u00e7ek d\u00fcnya s\u00fcper a\u015f\u0131nd\u0131r\u0131c\u0131 uygulamalar\u0131 i\u00e7in kapsaml\u0131 bir merkez olan SinoDiam Bilgi Merkezi'ne ho\u015f geldiniz. Bu b\u00f6l\u00fcm, m\u00fchendislerin, ara\u015ft\u0131rmac\u0131lar\u0131n ve \u00fcreticilerin, mikron elmas tozundan ve testere taneli elmastan, ta\u015flama, kesme ve delme uygulamalar\u0131nda kullan\u0131lan PCD ve PDC kesicilere kadar sentetik elmas malzemelerinin her y\u00f6n\u00fcn\u00fc anlamalar\u0131na yard\u0131mc\u0131 olmak i\u00e7in","canonical_url":"https:\/\/diamondmicron.com\/tr\/elmas-bilgi-merkezi-super-asindirici-uygulamalar-icin-teknik-kilavuzlar-ve-endustriyel-cozumler\/","robots":"max-image-preview:large","keywords":"","webmasterTools":{"miscellaneous":""},"schema":{"@context":"https:\/\/schema.org","@graph":[{"@type":"BreadcrumbList","@id":"https:\/\/diamondmicron.com\/tr\/elmas-bilgi-merkezi-super-asindirici-uygulamalar-icin-teknik-kilavuzlar-ve-endustriyel-cozumler\/#breadcrumblist","itemListElement":[{"@type":"ListItem","@id":"https:\/\/diamondmicron.com\/tr\/#listItem","position":1,"name":"Home","item":"https:\/\/diamondmicron.com\/tr\/","nextItem":{"@type":"ListItem","@id":"https:\/\/diamondmicron.com\/tr\/elmas-bilgi-merkezi-super-asindirici-uygulamalar-icin-teknik-kilavuzlar-ve-endustriyel-cozumler\/#listItem","name":"Elmas Bilgi Merkezi | S\u00fcper A\u015f\u0131nd\u0131r\u0131c\u0131 Uygulamalar i\u00e7in Teknik K\u0131lavuzlar ve End\u00fcstriyel \u00c7\u00f6z\u00fcmler"}},{"@type":"ListItem","@id":"https:\/\/diamondmicron.com\/tr\/elmas-bilgi-merkezi-super-asindirici-uygulamalar-icin-teknik-kilavuzlar-ve-endustriyel-cozumler\/#listItem","position":2,"name":"Elmas Bilgi Merkezi | S\u00fcper A\u015f\u0131nd\u0131r\u0131c\u0131 Uygulamalar i\u00e7in Teknik K\u0131lavuzlar ve End\u00fcstriyel \u00c7\u00f6z\u00fcmler","previousItem":{"@type":"ListItem","@id":"https:\/\/diamondmicron.com\/tr\/#listItem","name":"Home"}}]},{"@type":"Organization","@id":"https:\/\/diamondmicron.com\/tr\/#organization","name":"Your Trusted Supplier of Synthetic Diamond Powder & Superabrasives","description":"High-Quality Diamond Superabrasives for Global Applications","url":"https:\/\/diamondmicron.com\/tr\/","logo":{"@type":"ImageObject","url":"https:\/\/diamondmicron.com\/wp-content\/uploads\/2025\/10\/cropped-LOGO-NEW-1.jpg","@id":"https:\/\/diamondmicron.com\/tr\/elmas-bilgi-merkezi-super-asindirici-uygulamalar-icin-teknik-kilavuzlar-ve-endustriyel-cozumler\/#organizationLogo","width":1165,"height":388},"image":{"@id":"https:\/\/diamondmicron.com\/tr\/elmas-bilgi-merkezi-super-asindirici-uygulamalar-icin-teknik-kilavuzlar-ve-endustriyel-cozumler\/#organizationLogo"},"sameAs":["https:\/\/www.linkedin.com\/company\/sinodiam-diamond-powder"]},{"@type":"WebPage","@id":"https:\/\/diamondmicron.com\/tr\/elmas-bilgi-merkezi-super-asindirici-uygulamalar-icin-teknik-kilavuzlar-ve-endustriyel-cozumler\/#webpage","url":"https:\/\/diamondmicron.com\/tr\/elmas-bilgi-merkezi-super-asindirici-uygulamalar-icin-teknik-kilavuzlar-ve-endustriyel-cozumler\/","name":"Elmas Bilgi Merkezi | S\u00fcper A\u015f\u0131nd\u0131r\u0131c\u0131 Uygulamalar i\u00e7in Teknik K\u0131lavuzlar ve End\u00fcstriyel \u00c7\u00f6z\u00fcmler - Your Trusted Supplier of Synthetic Diamond Powder & Superabrasives","description":"End\u00fcstriyel elmas teknolojisi, malzeme bilimi bilgileri ve ger\u00e7ek d\u00fcnya s\u00fcper a\u015f\u0131nd\u0131r\u0131c\u0131 uygulamalar\u0131 i\u00e7in kapsaml\u0131 bir merkez olan SinoDiam Bilgi Merkezi'ne ho\u015f geldiniz. Bu b\u00f6l\u00fcm, m\u00fchendislerin, ara\u015ft\u0131rmac\u0131lar\u0131n ve \u00fcreticilerin, mikron elmas tozundan ve testere taneli elmastan, ta\u015flama, kesme ve delme uygulamalar\u0131nda kullan\u0131lan PCD ve PDC kesicilere kadar sentetik elmas malzemelerinin her y\u00f6n\u00fcn\u00fc anlamalar\u0131na yard\u0131mc\u0131 olmak i\u00e7in","inLanguage":"tr-TR","isPartOf":{"@id":"https:\/\/diamondmicron.com\/tr\/#website"},"breadcrumb":{"@id":"https:\/\/diamondmicron.com\/tr\/elmas-bilgi-merkezi-super-asindirici-uygulamalar-icin-teknik-kilavuzlar-ve-endustriyel-cozumler\/#breadcrumblist"},"datePublished":"2025-11-08T07:39:33+00:00","dateModified":"2026-01-03T12:47:56+00:00"},{"@type":"WebSite","@id":"https:\/\/diamondmicron.com\/tr\/#website","url":"https:\/\/diamondmicron.com\/tr\/","name":"Your Trusted Supplier of Synthetic Diamond Powder & Superabrasives","description":"High-Quality Diamond Superabrasives for Global Applications","inLanguage":"tr-TR","publisher":{"@id":"https:\/\/diamondmicron.com\/tr\/#organization"}}]},"og:locale":"tr_TR","og:site_name":"Your Trusted Supplier of Synthetic Diamond Powder &amp; Superabrasives - High-Quality Diamond Superabrasives for Global Applications","og:type":"article","og:title":"Elmas Bilgi Merkezi | S\u00fcper A\u015f\u0131nd\u0131r\u0131c\u0131 Uygulamalar i\u00e7in Teknik K\u0131lavuzlar ve End\u00fcstriyel \u00c7\u00f6z\u00fcmler - Your Trusted Supplier of Synthetic Diamond Powder &amp; Superabrasives","og:description":"End\u00fcstriyel elmas teknolojisi, malzeme bilimi bilgileri ve ger\u00e7ek d\u00fcnya s\u00fcper a\u015f\u0131nd\u0131r\u0131c\u0131 uygulamalar\u0131 i\u00e7in kapsaml\u0131 bir merkez olan SinoDiam Bilgi Merkezi'ne ho\u015f geldiniz. Bu b\u00f6l\u00fcm, m\u00fchendislerin, ara\u015ft\u0131rmac\u0131lar\u0131n ve \u00fcreticilerin, mikron elmas tozundan ve testere taneli elmastan, ta\u015flama, kesme ve delme uygulamalar\u0131nda kullan\u0131lan PCD ve PDC kesicilere kadar sentetik elmas malzemelerinin her y\u00f6n\u00fcn\u00fc anlamalar\u0131na yard\u0131mc\u0131 olmak i\u00e7in","og:url":"https:\/\/diamondmicron.com\/tr\/elmas-bilgi-merkezi-super-asindirici-uygulamalar-icin-teknik-kilavuzlar-ve-endustriyel-cozumler\/","og:image":"https:\/\/diamondmicron.com\/wp-content\/uploads\/2025\/10\/cropped-LOGO-NEW-1.jpg","og:image:secure_url":"https:\/\/diamondmicron.com\/wp-content\/uploads\/2025\/10\/cropped-LOGO-NEW-1.jpg","article:published_time":"2025-11-08T07:39:33+00:00","article:modified_time":"2026-01-03T12:47:56+00:00","article:publisher":"https:\/\/www.facebook.com\/diamondmicron\/","twitter:card":"summary_large_image","twitter:title":"Elmas Bilgi Merkezi | S\u00fcper A\u015f\u0131nd\u0131r\u0131c\u0131 Uygulamalar i\u00e7in Teknik K\u0131lavuzlar ve End\u00fcstriyel \u00c7\u00f6z\u00fcmler - Your Trusted Supplier of Synthetic Diamond Powder &amp; Superabrasives","twitter:description":"End\u00fcstriyel elmas teknolojisi, malzeme bilimi bilgileri ve ger\u00e7ek d\u00fcnya s\u00fcper a\u015f\u0131nd\u0131r\u0131c\u0131 uygulamalar\u0131 i\u00e7in kapsaml\u0131 bir merkez olan SinoDiam Bilgi Merkezi'ne ho\u015f geldiniz. Bu b\u00f6l\u00fcm, m\u00fchendislerin, ara\u015ft\u0131rmac\u0131lar\u0131n ve \u00fcreticilerin, mikron elmas tozundan ve testere taneli elmastan, ta\u015flama, kesme ve delme uygulamalar\u0131nda kullan\u0131lan PCD ve PDC kesicilere kadar sentetik elmas malzemelerinin her y\u00f6n\u00fcn\u00fc anlamalar\u0131na yard\u0131mc\u0131 olmak i\u00e7in","twitter:image":"https:\/\/diamondmicron.com\/wp-content\/uploads\/2025\/10\/cropped-LOGO-NEW-1.jpg"},"aioseo_meta_data":[],"aioseo_breadcrumb":"<div class=\"aioseo-breadcrumbs\"><span class=\"aioseo-breadcrumb\">\n\t<a href=\"https:\/\/diamondmicron.com\/tr\/\" title=\"Home\">Home<\/a>\n<\/span><span class=\"aioseo-breadcrumb-separator\">\u00bb<\/span><span class=\"aioseo-breadcrumb\">\n\tElmas Bilgi Merkezi | S\u00fcper A\u015f\u0131nd\u0131r\u0131c\u0131 Uygulamalar i\u00e7in Teknik K\u0131lavuzlar ve End\u00fcstriyel \u00c7\u00f6z\u00fcmler\n<\/span><\/div>","aioseo_breadcrumb_json":[{"label":"Home","link":"https:\/\/diamondmicron.com\/tr\/"},{"label":"Elmas Bilgi Merkezi | S\u00fcper A\u015f\u0131nd\u0131r\u0131c\u0131 Uygulamalar i\u00e7in Teknik K\u0131lavuzlar ve End\u00fcstriyel \u00c7\u00f6z\u00fcmler","link":"https:\/\/diamondmicron.com\/tr\/elmas-bilgi-merkezi-super-asindirici-uygulamalar-icin-teknik-kilavuzlar-ve-endustriyel-cozumler\/"}],"_links":{"self":[{"href":"https:\/\/diamondmicron.com\/tr\/wp-json\/wp\/v2\/pages\/6806","targetHints":{"allow":["GET"]}}],"collection":[{"href":"https:\/\/diamondmicron.com\/tr\/wp-json\/wp\/v2\/pages"}],"about":[{"href":"https:\/\/diamondmicron.com\/tr\/wp-json\/wp\/v2\/types\/page"}],"author":[{"embeddable":true,"href":"https:\/\/diamondmicron.com\/tr\/wp-json\/wp\/v2\/users\/1"}],"replies":[{"embeddable":true,"href":"https:\/\/diamondmicron.com\/tr\/wp-json\/wp\/v2\/comments?post=6806"}],"version-history":[{"count":1,"href":"https:\/\/diamondmicron.com\/tr\/wp-json\/wp\/v2\/pages\/6806\/revisions"}],"predecessor-version":[{"id":6807,"href":"https:\/\/diamondmicron.com\/tr\/wp-json\/wp\/v2\/pages\/6806\/revisions\/6807"}],"wp:attachment":[{"href":"https:\/\/diamondmicron.com\/tr\/wp-json\/wp\/v2\/media?parent=6806"}],"curies":[{"name":"wp","href":"https:\/\/api.w.org\/{rel}","templated":true}]}}