{"id":4205,"date":"2025-11-08T07:39:33","date_gmt":"2025-11-08T07:39:33","guid":{"rendered":"https:\/\/diamondmicron.com\/centro-de-conhecimento-sobre-diamantes-guias-tecnicos-e-solucoes-industriais-para-aplicacoes-superabrasivas\/"},"modified":"2025-11-24T03:17:18","modified_gmt":"2025-11-24T03:17:18","slug":"centro-de-conhecimento-sobre-diamantes-guias-tecnicos-e-solucoes-industriais-para-aplicacoes-superabrasivas","status":"publish","type":"page","link":"https:\/\/diamondmicron.com\/pt-br\/centro-de-conhecimento-sobre-diamantes-guias-tecnicos-e-solucoes-industriais-para-aplicacoes-superabrasivas\/","title":{"rendered":"Centro de Conhecimento sobre Diamantes | Guias T\u00e9cnicos e Solu\u00e7\u00f5es Industriais para Aplica\u00e7\u00f5es Superabrasivas"},"content":{"rendered":"\n<p>Bem-vindo ao Centro de Conhecimento <strong>SinoDiam<\/strong>, seu ponto de encontro completo para tecnologia de diamantes industriais,<strong> insights sobre ci\u00eancia de materiais e aplica\u00e7\u00f5es superabrasivas no mundo real.<\/strong><\/p>\n\n<p>Esta se\u00e7\u00e3o foi elaborada para ajudar engenheiros, pesquisadores e fabricantes a compreender todos os aspectos dos materiais de diamante sint\u00e9tico, desde o p\u00f3 de diamante micronizado e o diamante em gr\u00e3os de serra at\u00e9 as l\u00e2minas de corte de PCD e PDC usadas em aplica\u00e7\u00f5es de retifica\u00e7\u00e3o, corte e perfura\u00e7\u00e3o.<\/p>\n\n<p>Nosso Centro de Conhecimento apresenta dois recursos principais:<\/p>\n\n<h3 class=\"wp-block-heading\">\ud83d\udd39 Guia T\u00e9cnico<\/h3>\n\n<p>Explore a ci\u00eancia por tr\u00e1s dos diamantes industriais e superabrasivos. Aprenda sobre os tipos de diamante HPHT e CVD, classifica\u00e7\u00e3o granulom\u00e9trica, sistemas de liga\u00e7\u00e3o, tecnologias de revestimento e melhores pr\u00e1ticas para projeto de ferramentas e otimiza\u00e7\u00e3o de desempenho. Seja para selecionar o p\u00f3 de diamante ideal para polimento de precis\u00e3o ou avaliar diamantes revestidos para maior resist\u00eancia ao desgaste, esta se\u00e7\u00e3o oferece conhecimento t\u00e9cnico aprofundado e experi\u00eancia baseada em dados.  <\/p>\n\n<h3 class=\"wp-block-heading\">\ud83d\udd39 Solu\u00e7\u00f5es Industriais<\/h3>\n\n<p>Veja como nossos produtos diamantados impulsionam o desempenho no mundo real em diversos setores. Explore estudos de caso e solu\u00e7\u00f5es de aplica\u00e7\u00e3o para metalurgia, \u00f3ptica, eletr\u00f4nica, constru\u00e7\u00e3o, minera\u00e7\u00e3o e perfura\u00e7\u00e3o de petr\u00f3leo e g\u00e1s. Descubra como os materiais superabrasivos de engenharia da SinoDiam oferecem velocidade de corte superior, durabilidade e custo-benef\u00edcio nos ambientes mais exigentes.  <\/p>\n\n<p>Em conjunto, esses recursos fazem do Centro de Conhecimento SinoDiam o seu guia confi\u00e1vel para dominar a ci\u00eancia e as aplica\u00e7\u00f5es dos diamantes sint\u00e9ticos, ajudando voc\u00ea a obter os melhores resultados em todos os processos de corte, lapida\u00e7\u00e3o e polimento.<\/p>\n\n<p class=\"has-ast-global-color-5-background-color has-background\"><\/p>\n\n<p><\/p>\n","protected":false},"excerpt":{"rendered":"<p>Bem-vindo ao Centro de Conhecimento SinoDiam, seu ponto de encontro completo para tecnologia de diamantes industriais, insights sobre ci\u00eancia de [&hellip;]<\/p>\n","protected":false},"author":1,"featured_media":0,"parent":0,"menu_order":0,"comment_status":"closed","ping_status":"closed","template":"","meta":{"om_disable_all_campaigns":false,"_uag_custom_page_level_css":"","_monsterinsights_skip_tracking":false,"_monsterinsights_sitenote_active":false,"_monsterinsights_sitenote_note":"","_monsterinsights_sitenote_category":0,"site-sidebar-layout":"default","site-content-layout":"","ast-site-content-layout":"normal-width-container","site-content-style":"default","site-sidebar-style":"default","ast-global-header-display":"","ast-banner-title-visibility":"","ast-main-header-display":"","ast-hfb-above-header-display":"","ast-hfb-below-header-display":"","ast-hfb-mobile-header-display":"","site-post-title":"","ast-breadcrumbs-content":"","ast-featured-img":"","footer-sml-layout":"","ast-disable-related-posts":"","theme-transparent-header-meta":"","adv-header-id-meta":"","stick-header-meta":"","header-above-stick-meta":"","header-main-stick-meta":"","header-below-stick-meta":"","astra-migrate-meta-layouts":"default","ast-page-background-enabled":"default","ast-page-background-meta":{"desktop":{"background-color":"var(--ast-global-color-5)","background-image":"","background-repeat":"repeat","background-position":"center center","background-size":"auto","background-attachment":"scroll","background-type":"","background-media":"","overlay-type":"","overlay-color":"","overlay-opacity":"","overlay-gradient":""},"tablet":{"background-color":"","background-image":"","background-repeat":"repeat","background-position":"center center","background-size":"auto","background-attachment":"scroll","background-type":"","background-media":"","overlay-type":"","overlay-color":"","overlay-opacity":"","overlay-gradient":""},"mobile":{"background-color":"","background-image":"","background-repeat":"repeat","background-position":"center center","background-size":"auto","background-attachment":"scroll","background-type":"","background-media":"","overlay-type":"","overlay-color":"","overlay-opacity":"","overlay-gradient":""}},"ast-content-background-meta":{"desktop":{"background-color":"var(--ast-global-color-4)","background-image":"","background-repeat":"repeat","background-position":"center center","background-size":"auto","background-attachment":"scroll","background-type":"","background-media":"","overlay-type":"","overlay-color":"","overlay-opacity":"","overlay-gradient":""},"tablet":{"background-color":"var(--ast-global-color-4)","background-image":"","background-repeat":"repeat","background-position":"center center","background-size":"auto","background-attachment":"scroll","background-type":"","background-media":"","overlay-type":"","overlay-color":"","overlay-opacity":"","overlay-gradient":""},"mobile":{"background-color":"var(--ast-global-color-4)","background-image":"","background-repeat":"repeat","background-position":"center center","background-size":"auto","background-attachment":"scroll","background-type":"","background-media":"","overlay-type":"","overlay-color":"","overlay-opacity":"","overlay-gradient":""}},"_joinchat":[],"footnotes":""},"class_list":["post-4205","page","type-page","status-publish","hentry"],"aioseo_notices":[],"uagb_featured_image_src":{"full":false,"thumbnail":false,"medium":false,"medium_large":false,"large":false,"1536x1536":false,"2048x2048":false,"woocommerce_thumbnail":false,"woocommerce_single":false,"woocommerce_gallery_thumbnail":false},"uagb_author_info":{"display_name":"SinoDiam Technical Team","author_link":"https:\/\/diamondmicron.com\/pt-br\/author\/sinodiam2013gmail-com\/"},"uagb_comment_info":0,"uagb_excerpt":"Bem-vindo ao Centro de Conhecimento SinoDiam, seu ponto de encontro completo para tecnologia de diamantes industriais, insights sobre ci\u00eancia de [&hellip;]","aioseo_head":"\n\t\t<!-- All in One SEO Pro 4.8.3.2 - aioseo.com -->\n\t<meta name=\"description\" content=\"Bem-vindo ao Centro de Conhecimento SinoDiam, seu ponto de encontro completo para tecnologia de diamantes industriais, insights sobre ci\u00eancia de materiais e aplica\u00e7\u00f5es superabrasivas no mundo real. Esta se\u00e7\u00e3o foi elaborada para ajudar engenheiros, pesquisadores e fabricantes a compreender todos os aspectos dos materiais de diamante sint\u00e9tico, desde o p\u00f3 de diamante micronizado e o\" \/>\n\t<meta name=\"robots\" content=\"max-image-preview:large\" \/>\n\t<link rel=\"canonical\" href=\"https:\/\/diamondmicron.com\/pt-br\/centro-de-conhecimento-sobre-diamantes-guias-tecnicos-e-solucoes-industriais-para-aplicacoes-superabrasivas\/\" \/>\n\t<meta name=\"generator\" content=\"All in One SEO Pro (AIOSEO) 4.8.3.2\" \/>\n\t\t<meta property=\"og:locale\" content=\"pt_BR\" \/>\n\t\t<meta property=\"og:site_name\" content=\"Your Trusted Supplier of Synthetic Diamond Powder &amp; Superabrasives - High-Quality Diamond Superabrasives for Global Applications\" \/>\n\t\t<meta property=\"og:type\" content=\"article\" \/>\n\t\t<meta property=\"og:title\" content=\"Centro de Conhecimento sobre Diamantes | Guias T\u00e9cnicos e Solu\u00e7\u00f5es Industriais para Aplica\u00e7\u00f5es Superabrasivas - Your Trusted Supplier of Synthetic Diamond Powder &amp; Superabrasives\" \/>\n\t\t<meta property=\"og:description\" content=\"Bem-vindo ao Centro de Conhecimento SinoDiam, seu ponto de encontro completo para tecnologia de diamantes industriais, insights sobre ci\u00eancia de materiais e aplica\u00e7\u00f5es superabrasivas no mundo real. Esta se\u00e7\u00e3o foi elaborada para ajudar engenheiros, pesquisadores e fabricantes a compreender todos os aspectos dos materiais de diamante sint\u00e9tico, desde o p\u00f3 de diamante micronizado e o\" \/>\n\t\t<meta property=\"og:url\" content=\"https:\/\/diamondmicron.com\/pt-br\/centro-de-conhecimento-sobre-diamantes-guias-tecnicos-e-solucoes-industriais-para-aplicacoes-superabrasivas\/\" \/>\n\t\t<meta property=\"og:image\" content=\"https:\/\/diamondmicron.com\/wp-content\/uploads\/2025\/10\/cropped-LOGO-NEW-1.jpg\" \/>\n\t\t<meta property=\"og:image:secure_url\" content=\"https:\/\/diamondmicron.com\/wp-content\/uploads\/2025\/10\/cropped-LOGO-NEW-1.jpg\" \/>\n\t\t<meta property=\"article:published_time\" content=\"2025-11-08T07:39:33+00:00\" \/>\n\t\t<meta property=\"article:modified_time\" content=\"2025-11-24T03:17:18+00:00\" \/>\n\t\t<meta property=\"article:publisher\" content=\"https:\/\/www.facebook.com\/diamondmicron\/\" \/>\n\t\t<meta name=\"twitter:card\" content=\"summary_large_image\" \/>\n\t\t<meta name=\"twitter:title\" content=\"Centro de Conhecimento sobre Diamantes | Guias T\u00e9cnicos e Solu\u00e7\u00f5es Industriais para Aplica\u00e7\u00f5es Superabrasivas - Your Trusted Supplier of Synthetic Diamond Powder &amp; Superabrasives\" \/>\n\t\t<meta name=\"twitter:description\" content=\"Bem-vindo ao Centro de Conhecimento SinoDiam, seu ponto de encontro completo para tecnologia de diamantes industriais, insights sobre ci\u00eancia de materiais e aplica\u00e7\u00f5es superabrasivas no mundo real. Esta se\u00e7\u00e3o foi elaborada para ajudar engenheiros, pesquisadores e fabricantes a compreender todos os aspectos dos materiais de diamante sint\u00e9tico, desde o p\u00f3 de diamante micronizado e o\" \/>\n\t\t<meta name=\"twitter:image\" content=\"https:\/\/diamondmicron.com\/wp-content\/uploads\/2025\/10\/cropped-LOGO-NEW-1.jpg\" \/>\n\t\t<script type=\"application\/ld+json\" class=\"aioseo-schema\">\n\t\t\t{\"@context\":\"https:\\\/\\\/schema.org\",\"@graph\":[{\"@type\":\"BreadcrumbList\",\"@id\":\"https:\\\/\\\/diamondmicron.com\\\/pt-br\\\/centro-de-conhecimento-sobre-diamantes-guias-tecnicos-e-solucoes-industriais-para-aplicacoes-superabrasivas\\\/#breadcrumblist\",\"itemListElement\":[{\"@type\":\"ListItem\",\"@id\":\"https:\\\/\\\/diamondmicron.com\\\/pt-br\\\/#listItem\",\"position\":1,\"name\":\"Home\",\"item\":\"https:\\\/\\\/diamondmicron.com\\\/pt-br\\\/\",\"nextItem\":{\"@type\":\"ListItem\",\"@id\":\"https:\\\/\\\/diamondmicron.com\\\/pt-br\\\/centro-de-conhecimento-sobre-diamantes-guias-tecnicos-e-solucoes-industriais-para-aplicacoes-superabrasivas\\\/#listItem\",\"name\":\"Centro de Conhecimento sobre Diamantes | Guias T\\u00e9cnicos e Solu\\u00e7\\u00f5es Industriais para Aplica\\u00e7\\u00f5es Superabrasivas\"}},{\"@type\":\"ListItem\",\"@id\":\"https:\\\/\\\/diamondmicron.com\\\/pt-br\\\/centro-de-conhecimento-sobre-diamantes-guias-tecnicos-e-solucoes-industriais-para-aplicacoes-superabrasivas\\\/#listItem\",\"position\":2,\"name\":\"Centro de Conhecimento sobre Diamantes | Guias T\\u00e9cnicos e Solu\\u00e7\\u00f5es Industriais para Aplica\\u00e7\\u00f5es Superabrasivas\",\"previousItem\":{\"@type\":\"ListItem\",\"@id\":\"https:\\\/\\\/diamondmicron.com\\\/pt-br\\\/#listItem\",\"name\":\"Home\"}}]},{\"@type\":\"Organization\",\"@id\":\"https:\\\/\\\/diamondmicron.com\\\/pt-br\\\/#organization\",\"name\":\"Your Trusted Supplier of Synthetic Diamond Powder & Superabrasives\",\"description\":\"High-Quality Diamond Superabrasives for Global Applications\",\"url\":\"https:\\\/\\\/diamondmicron.com\\\/pt-br\\\/\",\"logo\":{\"@type\":\"ImageObject\",\"url\":\"https:\\\/\\\/diamondmicron.com\\\/wp-content\\\/uploads\\\/2025\\\/10\\\/cropped-LOGO-NEW-1.jpg\",\"@id\":\"https:\\\/\\\/diamondmicron.com\\\/pt-br\\\/centro-de-conhecimento-sobre-diamantes-guias-tecnicos-e-solucoes-industriais-para-aplicacoes-superabrasivas\\\/#organizationLogo\",\"width\":1165,\"height\":388},\"image\":{\"@id\":\"https:\\\/\\\/diamondmicron.com\\\/pt-br\\\/centro-de-conhecimento-sobre-diamantes-guias-tecnicos-e-solucoes-industriais-para-aplicacoes-superabrasivas\\\/#organizationLogo\"},\"sameAs\":[\"https:\\\/\\\/www.linkedin.com\\\/company\\\/sinodiam-diamond-powder\"]},{\"@type\":\"WebPage\",\"@id\":\"https:\\\/\\\/diamondmicron.com\\\/pt-br\\\/centro-de-conhecimento-sobre-diamantes-guias-tecnicos-e-solucoes-industriais-para-aplicacoes-superabrasivas\\\/#webpage\",\"url\":\"https:\\\/\\\/diamondmicron.com\\\/pt-br\\\/centro-de-conhecimento-sobre-diamantes-guias-tecnicos-e-solucoes-industriais-para-aplicacoes-superabrasivas\\\/\",\"name\":\"Centro de Conhecimento sobre Diamantes | Guias T\\u00e9cnicos e Solu\\u00e7\\u00f5es Industriais para Aplica\\u00e7\\u00f5es Superabrasivas - Your Trusted Supplier of Synthetic Diamond Powder & Superabrasives\",\"description\":\"Bem-vindo ao Centro de Conhecimento SinoDiam, seu ponto de encontro completo para tecnologia de diamantes industriais, insights sobre ci\\u00eancia de materiais e aplica\\u00e7\\u00f5es superabrasivas no mundo real. Esta se\\u00e7\\u00e3o foi elaborada para ajudar engenheiros, pesquisadores e fabricantes a compreender todos os aspectos dos materiais de diamante sint\\u00e9tico, desde o p\\u00f3 de diamante micronizado e o\",\"inLanguage\":\"pt-BR\",\"isPartOf\":{\"@id\":\"https:\\\/\\\/diamondmicron.com\\\/pt-br\\\/#website\"},\"breadcrumb\":{\"@id\":\"https:\\\/\\\/diamondmicron.com\\\/pt-br\\\/centro-de-conhecimento-sobre-diamantes-guias-tecnicos-e-solucoes-industriais-para-aplicacoes-superabrasivas\\\/#breadcrumblist\"},\"datePublished\":\"2025-11-08T07:39:33+00:00\",\"dateModified\":\"2025-11-24T03:17:18+00:00\"},{\"@type\":\"WebSite\",\"@id\":\"https:\\\/\\\/diamondmicron.com\\\/pt-br\\\/#website\",\"url\":\"https:\\\/\\\/diamondmicron.com\\\/pt-br\\\/\",\"name\":\"Your Trusted Supplier of Synthetic Diamond Powder & Superabrasives\",\"description\":\"High-Quality Diamond Superabrasives for Global Applications\",\"inLanguage\":\"pt-BR\",\"publisher\":{\"@id\":\"https:\\\/\\\/diamondmicron.com\\\/pt-br\\\/#organization\"}}]}\n\t\t<\/script>\n\t\t<!-- All in One SEO Pro -->\r\n\t\t<title>Centro de Conhecimento sobre Diamantes | Guias T\u00e9cnicos e Solu\u00e7\u00f5es Industriais para Aplica\u00e7\u00f5es Superabrasivas - Your Trusted Supplier of Synthetic Diamond Powder &amp; Superabrasives<\/title>\n\n","aioseo_head_json":{"title":"Centro de Conhecimento sobre Diamantes | Guias T\u00e9cnicos e Solu\u00e7\u00f5es Industriais para Aplica\u00e7\u00f5es Superabrasivas - Your Trusted Supplier of Synthetic Diamond Powder & Superabrasives","description":"Bem-vindo ao Centro de Conhecimento SinoDiam, seu ponto de encontro completo para tecnologia de diamantes industriais, insights sobre ci\u00eancia de materiais e aplica\u00e7\u00f5es superabrasivas no mundo real. Esta se\u00e7\u00e3o foi elaborada para ajudar engenheiros, pesquisadores e fabricantes a compreender todos os aspectos dos materiais de diamante sint\u00e9tico, desde o p\u00f3 de diamante micronizado e o","canonical_url":"https:\/\/diamondmicron.com\/pt-br\/centro-de-conhecimento-sobre-diamantes-guias-tecnicos-e-solucoes-industriais-para-aplicacoes-superabrasivas\/","robots":"max-image-preview:large","keywords":"","webmasterTools":{"miscellaneous":""},"schema":{"@context":"https:\/\/schema.org","@graph":[{"@type":"BreadcrumbList","@id":"https:\/\/diamondmicron.com\/pt-br\/centro-de-conhecimento-sobre-diamantes-guias-tecnicos-e-solucoes-industriais-para-aplicacoes-superabrasivas\/#breadcrumblist","itemListElement":[{"@type":"ListItem","@id":"https:\/\/diamondmicron.com\/pt-br\/#listItem","position":1,"name":"Home","item":"https:\/\/diamondmicron.com\/pt-br\/","nextItem":{"@type":"ListItem","@id":"https:\/\/diamondmicron.com\/pt-br\/centro-de-conhecimento-sobre-diamantes-guias-tecnicos-e-solucoes-industriais-para-aplicacoes-superabrasivas\/#listItem","name":"Centro de Conhecimento sobre Diamantes | Guias T\u00e9cnicos e Solu\u00e7\u00f5es Industriais para Aplica\u00e7\u00f5es Superabrasivas"}},{"@type":"ListItem","@id":"https:\/\/diamondmicron.com\/pt-br\/centro-de-conhecimento-sobre-diamantes-guias-tecnicos-e-solucoes-industriais-para-aplicacoes-superabrasivas\/#listItem","position":2,"name":"Centro de Conhecimento sobre Diamantes | Guias T\u00e9cnicos e Solu\u00e7\u00f5es Industriais para Aplica\u00e7\u00f5es Superabrasivas","previousItem":{"@type":"ListItem","@id":"https:\/\/diamondmicron.com\/pt-br\/#listItem","name":"Home"}}]},{"@type":"Organization","@id":"https:\/\/diamondmicron.com\/pt-br\/#organization","name":"Your Trusted Supplier of Synthetic Diamond Powder & Superabrasives","description":"High-Quality Diamond Superabrasives for Global Applications","url":"https:\/\/diamondmicron.com\/pt-br\/","logo":{"@type":"ImageObject","url":"https:\/\/diamondmicron.com\/wp-content\/uploads\/2025\/10\/cropped-LOGO-NEW-1.jpg","@id":"https:\/\/diamondmicron.com\/pt-br\/centro-de-conhecimento-sobre-diamantes-guias-tecnicos-e-solucoes-industriais-para-aplicacoes-superabrasivas\/#organizationLogo","width":1165,"height":388},"image":{"@id":"https:\/\/diamondmicron.com\/pt-br\/centro-de-conhecimento-sobre-diamantes-guias-tecnicos-e-solucoes-industriais-para-aplicacoes-superabrasivas\/#organizationLogo"},"sameAs":["https:\/\/www.linkedin.com\/company\/sinodiam-diamond-powder"]},{"@type":"WebPage","@id":"https:\/\/diamondmicron.com\/pt-br\/centro-de-conhecimento-sobre-diamantes-guias-tecnicos-e-solucoes-industriais-para-aplicacoes-superabrasivas\/#webpage","url":"https:\/\/diamondmicron.com\/pt-br\/centro-de-conhecimento-sobre-diamantes-guias-tecnicos-e-solucoes-industriais-para-aplicacoes-superabrasivas\/","name":"Centro de Conhecimento sobre Diamantes | Guias T\u00e9cnicos e Solu\u00e7\u00f5es Industriais para Aplica\u00e7\u00f5es Superabrasivas - Your Trusted Supplier of Synthetic Diamond Powder & Superabrasives","description":"Bem-vindo ao Centro de Conhecimento SinoDiam, seu ponto de encontro completo para tecnologia de diamantes industriais, insights sobre ci\u00eancia de materiais e aplica\u00e7\u00f5es superabrasivas no mundo real. Esta se\u00e7\u00e3o foi elaborada para ajudar engenheiros, pesquisadores e fabricantes a compreender todos os aspectos dos materiais de diamante sint\u00e9tico, desde o p\u00f3 de diamante micronizado e o","inLanguage":"pt-BR","isPartOf":{"@id":"https:\/\/diamondmicron.com\/pt-br\/#website"},"breadcrumb":{"@id":"https:\/\/diamondmicron.com\/pt-br\/centro-de-conhecimento-sobre-diamantes-guias-tecnicos-e-solucoes-industriais-para-aplicacoes-superabrasivas\/#breadcrumblist"},"datePublished":"2025-11-08T07:39:33+00:00","dateModified":"2025-11-24T03:17:18+00:00"},{"@type":"WebSite","@id":"https:\/\/diamondmicron.com\/pt-br\/#website","url":"https:\/\/diamondmicron.com\/pt-br\/","name":"Your Trusted Supplier of Synthetic Diamond Powder & Superabrasives","description":"High-Quality Diamond Superabrasives for Global Applications","inLanguage":"pt-BR","publisher":{"@id":"https:\/\/diamondmicron.com\/pt-br\/#organization"}}]},"og:locale":"pt_BR","og:site_name":"Your Trusted Supplier of Synthetic Diamond Powder &amp; Superabrasives - High-Quality Diamond Superabrasives for Global Applications","og:type":"article","og:title":"Centro de Conhecimento sobre Diamantes | Guias T\u00e9cnicos e Solu\u00e7\u00f5es Industriais para Aplica\u00e7\u00f5es Superabrasivas - Your Trusted Supplier of Synthetic Diamond Powder &amp; Superabrasives","og:description":"Bem-vindo ao Centro de Conhecimento SinoDiam, seu ponto de encontro completo para tecnologia de diamantes industriais, insights sobre ci\u00eancia de materiais e aplica\u00e7\u00f5es superabrasivas no mundo real. Esta se\u00e7\u00e3o foi elaborada para ajudar engenheiros, pesquisadores e fabricantes a compreender todos os aspectos dos materiais de diamante sint\u00e9tico, desde o p\u00f3 de diamante micronizado e o","og:url":"https:\/\/diamondmicron.com\/pt-br\/centro-de-conhecimento-sobre-diamantes-guias-tecnicos-e-solucoes-industriais-para-aplicacoes-superabrasivas\/","og:image":"https:\/\/diamondmicron.com\/wp-content\/uploads\/2025\/10\/cropped-LOGO-NEW-1.jpg","og:image:secure_url":"https:\/\/diamondmicron.com\/wp-content\/uploads\/2025\/10\/cropped-LOGO-NEW-1.jpg","article:published_time":"2025-11-08T07:39:33+00:00","article:modified_time":"2025-11-24T03:17:18+00:00","article:publisher":"https:\/\/www.facebook.com\/diamondmicron\/","twitter:card":"summary_large_image","twitter:title":"Centro de Conhecimento sobre Diamantes | Guias T\u00e9cnicos e Solu\u00e7\u00f5es Industriais para Aplica\u00e7\u00f5es Superabrasivas - Your Trusted Supplier of Synthetic Diamond Powder &amp; Superabrasives","twitter:description":"Bem-vindo ao Centro de Conhecimento SinoDiam, seu ponto de encontro completo para tecnologia de diamantes industriais, insights sobre ci\u00eancia de materiais e aplica\u00e7\u00f5es superabrasivas no mundo real. Esta se\u00e7\u00e3o foi elaborada para ajudar engenheiros, pesquisadores e fabricantes a compreender todos os aspectos dos materiais de diamante sint\u00e9tico, desde o p\u00f3 de diamante micronizado e o","twitter:image":"https:\/\/diamondmicron.com\/wp-content\/uploads\/2025\/10\/cropped-LOGO-NEW-1.jpg"},"aioseo_meta_data":[],"aioseo_breadcrumb":"<div class=\"aioseo-breadcrumbs\"><span class=\"aioseo-breadcrumb\">\n\t<a href=\"https:\/\/diamondmicron.com\/pt-br\/\" title=\"Home\">Home<\/a>\n<\/span><span class=\"aioseo-breadcrumb-separator\">\u00bb<\/span><span class=\"aioseo-breadcrumb\">\n\tCentro de Conhecimento sobre Diamantes | Guias T\u00e9cnicos e Solu\u00e7\u00f5es Industriais para Aplica\u00e7\u00f5es Superabrasivas\n<\/span><\/div>","aioseo_breadcrumb_json":[{"label":"Home","link":"https:\/\/diamondmicron.com\/pt-br\/"},{"label":"Centro de Conhecimento sobre Diamantes | Guias T\u00e9cnicos e Solu\u00e7\u00f5es Industriais para Aplica\u00e7\u00f5es Superabrasivas","link":"https:\/\/diamondmicron.com\/pt-br\/centro-de-conhecimento-sobre-diamantes-guias-tecnicos-e-solucoes-industriais-para-aplicacoes-superabrasivas\/"}],"_links":{"self":[{"href":"https:\/\/diamondmicron.com\/pt-br\/wp-json\/wp\/v2\/pages\/4205","targetHints":{"allow":["GET"]}}],"collection":[{"href":"https:\/\/diamondmicron.com\/pt-br\/wp-json\/wp\/v2\/pages"}],"about":[{"href":"https:\/\/diamondmicron.com\/pt-br\/wp-json\/wp\/v2\/types\/page"}],"author":[{"embeddable":true,"href":"https:\/\/diamondmicron.com\/pt-br\/wp-json\/wp\/v2\/users\/1"}],"replies":[{"embeddable":true,"href":"https:\/\/diamondmicron.com\/pt-br\/wp-json\/wp\/v2\/comments?post=4205"}],"version-history":[{"count":1,"href":"https:\/\/diamondmicron.com\/pt-br\/wp-json\/wp\/v2\/pages\/4205\/revisions"}],"predecessor-version":[{"id":4206,"href":"https:\/\/diamondmicron.com\/pt-br\/wp-json\/wp\/v2\/pages\/4205\/revisions\/4206"}],"wp:attachment":[{"href":"https:\/\/diamondmicron.com\/pt-br\/wp-json\/wp\/v2\/media?parent=4205"}],"curies":[{"name":"wp","href":"https:\/\/api.w.org\/{rel}","templated":true}]}}