{"id":5828,"date":"2025-11-08T07:39:33","date_gmt":"2025-11-08T07:39:33","guid":{"rendered":"https:\/\/diamondmicron.com\/centre-de-connaissances-sur-le-diamant-guides-techniques-et-solutions-industrielles-pour-les-applications-superabrasives\/"},"modified":"2025-12-15T07:23:02","modified_gmt":"2025-12-15T07:23:02","slug":"centre-de-connaissances-sur-le-diamant-guides-techniques-et-solutions-industrielles-pour-les-applications-superabrasives","status":"publish","type":"page","link":"https:\/\/diamondmicron.com\/fr\/centre-de-connaissances-sur-le-diamant-guides-techniques-et-solutions-industrielles-pour-les-applications-superabrasives\/","title":{"rendered":"Centre de connaissances sur le diamant | Guides techniques et solutions industrielles pour les applications superabrasives"},"content":{"rendered":"\n<p>Bienvenue au Centre de connaissances SinoDiam, votre plateforme compl\u00e8te pour la technologie du diamant industriel, les connaissances en science des mat\u00e9riaux et les applications superabrasives concr\u00e8tes.<\/p>\n\n<p>Cette section est con\u00e7ue pour aider les ing\u00e9nieurs, les chercheurs et les fabricants \u00e0 comprendre tous les aspects des mat\u00e9riaux en diamant synth\u00e9tique, de la poudre de diamant micronis\u00e9e et du diamant de scie aux outils de coupe PCD et PDC utilis\u00e9s dans les applications de meulage, de d\u00e9coupe et de per\u00e7age.<\/p>\n\n<p>Notre centre de connaissances propose deux ressources principales :<\/p>\n\n<h3 class=\"wp-block-heading\">\ud83d\udd39 Guide technique<\/h3>\n\n<p>Explorez les principes scientifiques des diamants industriels et des superabrasifs. D\u00e9couvrez les diamants HPHT et CVD, la classification granulom\u00e9trique, les syst\u00e8mes de liant, les technologies de rev\u00eatement et les meilleures pratiques pour la conception d&rsquo;outils et l&rsquo;optimisation de leurs performances. Que vous recherchiez la poudre de diamant id\u00e9ale pour un polissage de pr\u00e9cision ou que vous \u00e9valuiez un diamant rev\u00eatu pour une meilleure r\u00e9sistance \u00e0 l&rsquo;usure, cette section vous offre des connaissances techniques approfondies et une expertise fond\u00e9e sur des donn\u00e9es probantes.  <\/p>\n\n<h3 class=\"wp-block-heading\">\ud83d\udd39 Solutions industrielles<\/h3>\n\n<p>D\u00e9couvrez comment nos produits diamant\u00e9s optimisent les performances dans tous les secteurs d&rsquo;activit\u00e9. Explorez des \u00e9tudes de cas et des solutions d&rsquo;application pour la m\u00e9tallurgie, l&rsquo;optique, l&rsquo;\u00e9lectronique, la construction, l&rsquo;exploitation mini\u00e8re et le forage p\u00e9trolier et gazier. D\u00e9couvrez comment les mat\u00e9riaux superabrasifs de SinoDiam offrent une vitesse de coupe, une durabilit\u00e9 et une rentabilit\u00e9 sup\u00e9rieures, m\u00eame dans les environnements les plus exigeants.  <\/p>\n\n<p>Ensemble, ces ressources font du Centre de connaissances SinoDiam votre guide de confiance pour ma\u00eetriser la science et les applications des diamants synth\u00e9tiques, vous aidant \u00e0 obtenir les meilleurs r\u00e9sultats dans chaque processus de taille, de meulage et de polissage.<\/p>\n\n<p class=\"has-ast-global-color-5-background-color has-background\"><\/p>\n\n<p><\/p>\n","protected":false},"excerpt":{"rendered":"<p>Bienvenue au Centre de connaissances SinoDiam, votre plateforme compl\u00e8te pour la technologie du diamant industriel, les connaissances en science des [&hellip;]<\/p>\n","protected":false},"author":1,"featured_media":0,"parent":0,"menu_order":0,"comment_status":"closed","ping_status":"closed","template":"","meta":{"om_disable_all_campaigns":false,"_uag_custom_page_level_css":"","_monsterinsights_skip_tracking":false,"_monsterinsights_sitenote_active":false,"_monsterinsights_sitenote_note":"","_monsterinsights_sitenote_category":0,"site-sidebar-layout":"default","site-content-layout":"","ast-site-content-layout":"normal-width-container","site-content-style":"default","site-sidebar-style":"default","ast-global-header-display":"","ast-banner-title-visibility":"","ast-main-header-display":"","ast-hfb-above-header-display":"","ast-hfb-below-header-display":"","ast-hfb-mobile-header-display":"","site-post-title":"","ast-breadcrumbs-content":"","ast-featured-img":"","footer-sml-layout":"","ast-disable-related-posts":"","theme-transparent-header-meta":"","adv-header-id-meta":"","stick-header-meta":"","header-above-stick-meta":"","header-main-stick-meta":"","header-below-stick-meta":"","astra-migrate-meta-layouts":"default","ast-page-background-enabled":"default","ast-page-background-meta":{"desktop":{"background-color":"var(--ast-global-color-5)","background-image":"","background-repeat":"repeat","background-position":"center center","background-size":"auto","background-attachment":"scroll","background-type":"","background-media":"","overlay-type":"","overlay-color":"","overlay-opacity":"","overlay-gradient":""},"tablet":{"background-color":"","background-image":"","background-repeat":"repeat","background-position":"center center","background-size":"auto","background-attachment":"scroll","background-type":"","background-media":"","overlay-type":"","overlay-color":"","overlay-opacity":"","overlay-gradient":""},"mobile":{"background-color":"","background-image":"","background-repeat":"repeat","background-position":"center center","background-size":"auto","background-attachment":"scroll","background-type":"","background-media":"","overlay-type":"","overlay-color":"","overlay-opacity":"","overlay-gradient":""}},"ast-content-background-meta":{"desktop":{"background-color":"var(--ast-global-color-4)","background-image":"","background-repeat":"repeat","background-position":"center center","background-size":"auto","background-attachment":"scroll","background-type":"","background-media":"","overlay-type":"","overlay-color":"","overlay-opacity":"","overlay-gradient":""},"tablet":{"background-color":"var(--ast-global-color-4)","background-image":"","background-repeat":"repeat","background-position":"center center","background-size":"auto","background-attachment":"scroll","background-type":"","background-media":"","overlay-type":"","overlay-color":"","overlay-opacity":"","overlay-gradient":""},"mobile":{"background-color":"var(--ast-global-color-4)","background-image":"","background-repeat":"repeat","background-position":"center center","background-size":"auto","background-attachment":"scroll","background-type":"","background-media":"","overlay-type":"","overlay-color":"","overlay-opacity":"","overlay-gradient":""}},"_joinchat":[],"footnotes":""},"class_list":["post-5828","page","type-page","status-publish","hentry"],"aioseo_notices":[],"uagb_featured_image_src":{"full":false,"thumbnail":false,"medium":false,"medium_large":false,"large":false,"1536x1536":false,"2048x2048":false,"woocommerce_thumbnail":false,"woocommerce_single":false,"woocommerce_gallery_thumbnail":false},"uagb_author_info":{"display_name":"SinoDiam Technical Team","author_link":"https:\/\/diamondmicron.com\/fr\/author\/sinodiam2013gmail-com\/"},"uagb_comment_info":0,"uagb_excerpt":"Bienvenue au Centre de connaissances SinoDiam, votre plateforme compl\u00e8te pour la technologie du diamant industriel, les connaissances en science des [&hellip;]","aioseo_head":"\n\t\t<!-- All in One SEO Pro 4.8.3.2 - aioseo.com -->\n\t<meta name=\"description\" content=\"Bienvenue au Centre de connaissances SinoDiam, votre plateforme compl\u00e8te pour la technologie du diamant industriel, les connaissances en science des mat\u00e9riaux et les applications superabrasives concr\u00e8tes. Cette section est con\u00e7ue pour aider les ing\u00e9nieurs, les chercheurs et les fabricants \u00e0 comprendre tous les aspects des mat\u00e9riaux en diamant synth\u00e9tique, de la poudre de diamant micronis\u00e9e\" \/>\n\t<meta name=\"robots\" content=\"max-image-preview:large\" \/>\n\t<link rel=\"canonical\" href=\"https:\/\/diamondmicron.com\/fr\/centre-de-connaissances-sur-le-diamant-guides-techniques-et-solutions-industrielles-pour-les-applications-superabrasives\/\" \/>\n\t<meta name=\"generator\" content=\"All in One SEO Pro (AIOSEO) 4.8.3.2\" \/>\n\t\t<meta property=\"og:locale\" content=\"fr_FR\" \/>\n\t\t<meta property=\"og:site_name\" content=\"Your Trusted Supplier of Synthetic Diamond Powder &amp; Superabrasives - High-Quality Diamond Superabrasives for Global Applications\" \/>\n\t\t<meta property=\"og:type\" content=\"article\" \/>\n\t\t<meta property=\"og:title\" content=\"Centre de connaissances sur le diamant | Guides techniques et solutions industrielles pour les applications superabrasives - Your Trusted Supplier of Synthetic Diamond Powder &amp; Superabrasives\" \/>\n\t\t<meta property=\"og:description\" content=\"Bienvenue au Centre de connaissances SinoDiam, votre plateforme compl\u00e8te pour la technologie du diamant industriel, les connaissances en science des mat\u00e9riaux et les applications superabrasives concr\u00e8tes. Cette section est con\u00e7ue pour aider les ing\u00e9nieurs, les chercheurs et les fabricants \u00e0 comprendre tous les aspects des mat\u00e9riaux en diamant synth\u00e9tique, de la poudre de diamant micronis\u00e9e\" \/>\n\t\t<meta property=\"og:url\" content=\"https:\/\/diamondmicron.com\/fr\/centre-de-connaissances-sur-le-diamant-guides-techniques-et-solutions-industrielles-pour-les-applications-superabrasives\/\" \/>\n\t\t<meta property=\"og:image\" content=\"https:\/\/diamondmicron.com\/wp-content\/uploads\/2025\/10\/cropped-LOGO-NEW-1.jpg\" \/>\n\t\t<meta property=\"og:image:secure_url\" content=\"https:\/\/diamondmicron.com\/wp-content\/uploads\/2025\/10\/cropped-LOGO-NEW-1.jpg\" \/>\n\t\t<meta property=\"article:published_time\" content=\"2025-11-08T07:39:33+00:00\" \/>\n\t\t<meta property=\"article:modified_time\" content=\"2025-12-15T07:23:02+00:00\" \/>\n\t\t<meta property=\"article:publisher\" content=\"https:\/\/www.facebook.com\/diamondmicron\/\" \/>\n\t\t<meta name=\"twitter:card\" content=\"summary_large_image\" \/>\n\t\t<meta name=\"twitter:title\" content=\"Centre de connaissances sur le diamant | Guides techniques et solutions industrielles pour les applications superabrasives - Your Trusted Supplier of Synthetic Diamond Powder &amp; Superabrasives\" \/>\n\t\t<meta name=\"twitter:description\" content=\"Bienvenue au Centre de connaissances SinoDiam, votre plateforme compl\u00e8te pour la technologie du diamant industriel, les connaissances en science des mat\u00e9riaux et les applications superabrasives concr\u00e8tes. Cette section est con\u00e7ue pour aider les ing\u00e9nieurs, les chercheurs et les fabricants \u00e0 comprendre tous les aspects des mat\u00e9riaux en diamant synth\u00e9tique, de la poudre de diamant micronis\u00e9e\" \/>\n\t\t<meta name=\"twitter:image\" content=\"https:\/\/diamondmicron.com\/wp-content\/uploads\/2025\/10\/cropped-LOGO-NEW-1.jpg\" \/>\n\t\t<script type=\"application\/ld+json\" class=\"aioseo-schema\">\n\t\t\t{\"@context\":\"https:\\\/\\\/schema.org\",\"@graph\":[{\"@type\":\"BreadcrumbList\",\"@id\":\"https:\\\/\\\/diamondmicron.com\\\/fr\\\/centre-de-connaissances-sur-le-diamant-guides-techniques-et-solutions-industrielles-pour-les-applications-superabrasives\\\/#breadcrumblist\",\"itemListElement\":[{\"@type\":\"ListItem\",\"@id\":\"https:\\\/\\\/diamondmicron.com\\\/fr\\\/#listItem\",\"position\":1,\"name\":\"Home\",\"item\":\"https:\\\/\\\/diamondmicron.com\\\/fr\\\/\",\"nextItem\":{\"@type\":\"ListItem\",\"@id\":\"https:\\\/\\\/diamondmicron.com\\\/fr\\\/centre-de-connaissances-sur-le-diamant-guides-techniques-et-solutions-industrielles-pour-les-applications-superabrasives\\\/#listItem\",\"name\":\"Centre de connaissances sur le diamant | Guides techniques et solutions industrielles pour les applications superabrasives\"}},{\"@type\":\"ListItem\",\"@id\":\"https:\\\/\\\/diamondmicron.com\\\/fr\\\/centre-de-connaissances-sur-le-diamant-guides-techniques-et-solutions-industrielles-pour-les-applications-superabrasives\\\/#listItem\",\"position\":2,\"name\":\"Centre de connaissances sur le diamant | Guides techniques et solutions industrielles pour les applications superabrasives\",\"previousItem\":{\"@type\":\"ListItem\",\"@id\":\"https:\\\/\\\/diamondmicron.com\\\/fr\\\/#listItem\",\"name\":\"Home\"}}]},{\"@type\":\"Organization\",\"@id\":\"https:\\\/\\\/diamondmicron.com\\\/fr\\\/#organization\",\"name\":\"Your Trusted Supplier of Synthetic Diamond Powder & Superabrasives\",\"description\":\"High-Quality Diamond Superabrasives for Global Applications\",\"url\":\"https:\\\/\\\/diamondmicron.com\\\/fr\\\/\",\"logo\":{\"@type\":\"ImageObject\",\"url\":\"https:\\\/\\\/diamondmicron.com\\\/wp-content\\\/uploads\\\/2025\\\/10\\\/cropped-LOGO-NEW-1.jpg\",\"@id\":\"https:\\\/\\\/diamondmicron.com\\\/fr\\\/centre-de-connaissances-sur-le-diamant-guides-techniques-et-solutions-industrielles-pour-les-applications-superabrasives\\\/#organizationLogo\",\"width\":1165,\"height\":388},\"image\":{\"@id\":\"https:\\\/\\\/diamondmicron.com\\\/fr\\\/centre-de-connaissances-sur-le-diamant-guides-techniques-et-solutions-industrielles-pour-les-applications-superabrasives\\\/#organizationLogo\"},\"sameAs\":[\"https:\\\/\\\/www.linkedin.com\\\/company\\\/sinodiam-diamond-powder\"]},{\"@type\":\"WebPage\",\"@id\":\"https:\\\/\\\/diamondmicron.com\\\/fr\\\/centre-de-connaissances-sur-le-diamant-guides-techniques-et-solutions-industrielles-pour-les-applications-superabrasives\\\/#webpage\",\"url\":\"https:\\\/\\\/diamondmicron.com\\\/fr\\\/centre-de-connaissances-sur-le-diamant-guides-techniques-et-solutions-industrielles-pour-les-applications-superabrasives\\\/\",\"name\":\"Centre de connaissances sur le diamant | Guides techniques et solutions industrielles pour les applications superabrasives - Your Trusted Supplier of Synthetic Diamond Powder & Superabrasives\",\"description\":\"Bienvenue au Centre de connaissances SinoDiam, votre plateforme compl\\u00e8te pour la technologie du diamant industriel, les connaissances en science des mat\\u00e9riaux et les applications superabrasives concr\\u00e8tes. Cette section est con\\u00e7ue pour aider les ing\\u00e9nieurs, les chercheurs et les fabricants \\u00e0 comprendre tous les aspects des mat\\u00e9riaux en diamant synth\\u00e9tique, de la poudre de diamant micronis\\u00e9e\",\"inLanguage\":\"fr-FR\",\"isPartOf\":{\"@id\":\"https:\\\/\\\/diamondmicron.com\\\/fr\\\/#website\"},\"breadcrumb\":{\"@id\":\"https:\\\/\\\/diamondmicron.com\\\/fr\\\/centre-de-connaissances-sur-le-diamant-guides-techniques-et-solutions-industrielles-pour-les-applications-superabrasives\\\/#breadcrumblist\"},\"datePublished\":\"2025-11-08T07:39:33+00:00\",\"dateModified\":\"2025-12-15T07:23:02+00:00\"},{\"@type\":\"WebSite\",\"@id\":\"https:\\\/\\\/diamondmicron.com\\\/fr\\\/#website\",\"url\":\"https:\\\/\\\/diamondmicron.com\\\/fr\\\/\",\"name\":\"Your Trusted Supplier of Synthetic Diamond Powder & Superabrasives\",\"description\":\"High-Quality Diamond Superabrasives for Global Applications\",\"inLanguage\":\"fr-FR\",\"publisher\":{\"@id\":\"https:\\\/\\\/diamondmicron.com\\\/fr\\\/#organization\"}}]}\n\t\t<\/script>\n\t\t<!-- All in One SEO Pro -->\r\n\t\t<title>Centre de connaissances sur le diamant | Guides techniques et solutions industrielles pour les applications superabrasives - Your Trusted Supplier of Synthetic Diamond Powder &amp; Superabrasives<\/title>\n\n","aioseo_head_json":{"title":"Centre de connaissances sur le diamant | Guides techniques et solutions industrielles pour les applications superabrasives - Your Trusted Supplier of Synthetic Diamond Powder & Superabrasives","description":"Bienvenue au Centre de connaissances SinoDiam, votre plateforme compl\u00e8te pour la technologie du diamant industriel, les connaissances en science des mat\u00e9riaux et les applications superabrasives concr\u00e8tes. Cette section est con\u00e7ue pour aider les ing\u00e9nieurs, les chercheurs et les fabricants \u00e0 comprendre tous les aspects des mat\u00e9riaux en diamant synth\u00e9tique, de la poudre de diamant micronis\u00e9e","canonical_url":"https:\/\/diamondmicron.com\/fr\/centre-de-connaissances-sur-le-diamant-guides-techniques-et-solutions-industrielles-pour-les-applications-superabrasives\/","robots":"max-image-preview:large","keywords":"","webmasterTools":{"miscellaneous":""},"schema":{"@context":"https:\/\/schema.org","@graph":[{"@type":"BreadcrumbList","@id":"https:\/\/diamondmicron.com\/fr\/centre-de-connaissances-sur-le-diamant-guides-techniques-et-solutions-industrielles-pour-les-applications-superabrasives\/#breadcrumblist","itemListElement":[{"@type":"ListItem","@id":"https:\/\/diamondmicron.com\/fr\/#listItem","position":1,"name":"Home","item":"https:\/\/diamondmicron.com\/fr\/","nextItem":{"@type":"ListItem","@id":"https:\/\/diamondmicron.com\/fr\/centre-de-connaissances-sur-le-diamant-guides-techniques-et-solutions-industrielles-pour-les-applications-superabrasives\/#listItem","name":"Centre de connaissances sur le diamant | Guides techniques et solutions industrielles pour les applications superabrasives"}},{"@type":"ListItem","@id":"https:\/\/diamondmicron.com\/fr\/centre-de-connaissances-sur-le-diamant-guides-techniques-et-solutions-industrielles-pour-les-applications-superabrasives\/#listItem","position":2,"name":"Centre de connaissances sur le diamant | Guides techniques et solutions industrielles pour les applications superabrasives","previousItem":{"@type":"ListItem","@id":"https:\/\/diamondmicron.com\/fr\/#listItem","name":"Home"}}]},{"@type":"Organization","@id":"https:\/\/diamondmicron.com\/fr\/#organization","name":"Your Trusted Supplier of Synthetic Diamond Powder & Superabrasives","description":"High-Quality Diamond Superabrasives for Global Applications","url":"https:\/\/diamondmicron.com\/fr\/","logo":{"@type":"ImageObject","url":"https:\/\/diamondmicron.com\/wp-content\/uploads\/2025\/10\/cropped-LOGO-NEW-1.jpg","@id":"https:\/\/diamondmicron.com\/fr\/centre-de-connaissances-sur-le-diamant-guides-techniques-et-solutions-industrielles-pour-les-applications-superabrasives\/#organizationLogo","width":1165,"height":388},"image":{"@id":"https:\/\/diamondmicron.com\/fr\/centre-de-connaissances-sur-le-diamant-guides-techniques-et-solutions-industrielles-pour-les-applications-superabrasives\/#organizationLogo"},"sameAs":["https:\/\/www.linkedin.com\/company\/sinodiam-diamond-powder"]},{"@type":"WebPage","@id":"https:\/\/diamondmicron.com\/fr\/centre-de-connaissances-sur-le-diamant-guides-techniques-et-solutions-industrielles-pour-les-applications-superabrasives\/#webpage","url":"https:\/\/diamondmicron.com\/fr\/centre-de-connaissances-sur-le-diamant-guides-techniques-et-solutions-industrielles-pour-les-applications-superabrasives\/","name":"Centre de connaissances sur le diamant | Guides techniques et solutions industrielles pour les applications superabrasives - Your Trusted Supplier of Synthetic Diamond Powder & Superabrasives","description":"Bienvenue au Centre de connaissances SinoDiam, votre plateforme compl\u00e8te pour la technologie du diamant industriel, les connaissances en science des mat\u00e9riaux et les applications superabrasives concr\u00e8tes. Cette section est con\u00e7ue pour aider les ing\u00e9nieurs, les chercheurs et les fabricants \u00e0 comprendre tous les aspects des mat\u00e9riaux en diamant synth\u00e9tique, de la poudre de diamant micronis\u00e9e","inLanguage":"fr-FR","isPartOf":{"@id":"https:\/\/diamondmicron.com\/fr\/#website"},"breadcrumb":{"@id":"https:\/\/diamondmicron.com\/fr\/centre-de-connaissances-sur-le-diamant-guides-techniques-et-solutions-industrielles-pour-les-applications-superabrasives\/#breadcrumblist"},"datePublished":"2025-11-08T07:39:33+00:00","dateModified":"2025-12-15T07:23:02+00:00"},{"@type":"WebSite","@id":"https:\/\/diamondmicron.com\/fr\/#website","url":"https:\/\/diamondmicron.com\/fr\/","name":"Your Trusted Supplier of Synthetic Diamond Powder & Superabrasives","description":"High-Quality Diamond Superabrasives for Global Applications","inLanguage":"fr-FR","publisher":{"@id":"https:\/\/diamondmicron.com\/fr\/#organization"}}]},"og:locale":"fr_FR","og:site_name":"Your Trusted Supplier of Synthetic Diamond Powder &amp; Superabrasives - High-Quality Diamond Superabrasives for Global Applications","og:type":"article","og:title":"Centre de connaissances sur le diamant | Guides techniques et solutions industrielles pour les applications superabrasives - Your Trusted Supplier of Synthetic Diamond Powder &amp; Superabrasives","og:description":"Bienvenue au Centre de connaissances SinoDiam, votre plateforme compl\u00e8te pour la technologie du diamant industriel, les connaissances en science des mat\u00e9riaux et les applications superabrasives concr\u00e8tes. Cette section est con\u00e7ue pour aider les ing\u00e9nieurs, les chercheurs et les fabricants \u00e0 comprendre tous les aspects des mat\u00e9riaux en diamant synth\u00e9tique, de la poudre de diamant micronis\u00e9e","og:url":"https:\/\/diamondmicron.com\/fr\/centre-de-connaissances-sur-le-diamant-guides-techniques-et-solutions-industrielles-pour-les-applications-superabrasives\/","og:image":"https:\/\/diamondmicron.com\/wp-content\/uploads\/2025\/10\/cropped-LOGO-NEW-1.jpg","og:image:secure_url":"https:\/\/diamondmicron.com\/wp-content\/uploads\/2025\/10\/cropped-LOGO-NEW-1.jpg","article:published_time":"2025-11-08T07:39:33+00:00","article:modified_time":"2025-12-15T07:23:02+00:00","article:publisher":"https:\/\/www.facebook.com\/diamondmicron\/","twitter:card":"summary_large_image","twitter:title":"Centre de connaissances sur le diamant | Guides techniques et solutions industrielles pour les applications superabrasives - Your Trusted Supplier of Synthetic Diamond Powder &amp; Superabrasives","twitter:description":"Bienvenue au Centre de connaissances SinoDiam, votre plateforme compl\u00e8te pour la technologie du diamant industriel, les connaissances en science des mat\u00e9riaux et les applications superabrasives concr\u00e8tes. Cette section est con\u00e7ue pour aider les ing\u00e9nieurs, les chercheurs et les fabricants \u00e0 comprendre tous les aspects des mat\u00e9riaux en diamant synth\u00e9tique, de la poudre de diamant micronis\u00e9e","twitter:image":"https:\/\/diamondmicron.com\/wp-content\/uploads\/2025\/10\/cropped-LOGO-NEW-1.jpg"},"aioseo_meta_data":[],"aioseo_breadcrumb":"<div class=\"aioseo-breadcrumbs\"><span class=\"aioseo-breadcrumb\">\n\t<a href=\"https:\/\/diamondmicron.com\/fr\/\" title=\"Home\">Home<\/a>\n<\/span><span class=\"aioseo-breadcrumb-separator\">\u00bb<\/span><span class=\"aioseo-breadcrumb\">\n\tCentre de connaissances sur le diamant | Guides techniques et solutions industrielles pour les applications superabrasives\n<\/span><\/div>","aioseo_breadcrumb_json":[{"label":"Home","link":"https:\/\/diamondmicron.com\/fr\/"},{"label":"Centre de connaissances sur le diamant | Guides techniques et solutions industrielles pour les applications superabrasives","link":"https:\/\/diamondmicron.com\/fr\/centre-de-connaissances-sur-le-diamant-guides-techniques-et-solutions-industrielles-pour-les-applications-superabrasives\/"}],"_links":{"self":[{"href":"https:\/\/diamondmicron.com\/fr\/wp-json\/wp\/v2\/pages\/5828","targetHints":{"allow":["GET"]}}],"collection":[{"href":"https:\/\/diamondmicron.com\/fr\/wp-json\/wp\/v2\/pages"}],"about":[{"href":"https:\/\/diamondmicron.com\/fr\/wp-json\/wp\/v2\/types\/page"}],"author":[{"embeddable":true,"href":"https:\/\/diamondmicron.com\/fr\/wp-json\/wp\/v2\/users\/1"}],"replies":[{"embeddable":true,"href":"https:\/\/diamondmicron.com\/fr\/wp-json\/wp\/v2\/comments?post=5828"}],"version-history":[{"count":1,"href":"https:\/\/diamondmicron.com\/fr\/wp-json\/wp\/v2\/pages\/5828\/revisions"}],"predecessor-version":[{"id":5829,"href":"https:\/\/diamondmicron.com\/fr\/wp-json\/wp\/v2\/pages\/5828\/revisions\/5829"}],"wp:attachment":[{"href":"https:\/\/diamondmicron.com\/fr\/wp-json\/wp\/v2\/media?parent=5828"}],"curies":[{"name":"wp","href":"https:\/\/api.w.org\/{rel}","templated":true}]}}