{"id":4417,"date":"2025-11-08T07:39:33","date_gmt":"2025-11-08T07:39:33","guid":{"rendered":"https:\/\/diamondmicron.com\/centro-de-conocimiento-sobre-diamantes-guias-tecnicas-y-soluciones-industriales-para-aplicaciones-de-superabrasivos\/"},"modified":"2025-11-22T17:08:45","modified_gmt":"2025-11-22T17:08:45","slug":"centro-de-conocimiento-sobre-diamantes-guias-tecnicas-y-soluciones-industriales-para-aplicaciones-de-superabrasivos","status":"publish","type":"page","link":"https:\/\/diamondmicron.com\/es\/centro-de-conocimiento-sobre-diamantes-guias-tecnicas-y-soluciones-industriales-para-aplicaciones-de-superabrasivos\/","title":{"rendered":"Centro de conocimiento sobre diamantes | Gu\u00edas t\u00e9cnicas y soluciones industriales para aplicaciones de superabrasivos"},"content":{"rendered":"\n<p>Bienvenido al Centro de Conocimiento de SinoDiam, su centro integral de informaci\u00f3n sobre tecnolog\u00eda de diamantes industriales, conocimientos sobre ciencia de materiales y aplicaciones pr\u00e1cticas de superabrasivos.<\/p>\n\n<p>Esta secci\u00f3n est\u00e1 dise\u00f1ada para ayudar a ingenieros, investigadores y fabricantes a comprender todos los aspectos de los materiales de diamante sint\u00e9tico, desde el polvo de diamante microm\u00e9trico y el diamante para sierras hasta las herramientas de corte PCD y PDC utilizadas en aplicaciones de rectificado, corte y perforaci\u00f3n.<\/p>\n\n<p>Nuestro Centro de Conocimiento cuenta con dos recursos principales:<\/p>\n\n<h3 class=\"wp-block-heading\">\ud83d\udd39 Gu\u00eda t\u00e9cnica<\/h3>\n\n<p>Ad\u00e9ntrese en la ciencia que hay detr\u00e1s de los diamantes industriales y los superabrasivos. Aprenda sobre los tipos de diamante HPHT y CVD, la clasificaci\u00f3n del tama\u00f1o del grano de diamante, los sistemas de uni\u00f3n, las tecnolog\u00edas de recubrimiento y las mejores pr\u00e1cticas para el dise\u00f1o y la optimizaci\u00f3n del rendimiento de las herramientas. Ya sea que est\u00e9 seleccionando el polvo de diamante adecuado para el pulido de precisi\u00f3n o evaluando diamantes recubiertos para mejorar la resistencia al desgaste, esta secci\u00f3n ofrece un profundo conocimiento t\u00e9cnico y experiencia basada en datos.  <\/p>\n\n<h3 class=\"wp-block-heading\">\ud83d\udd39 Soluciones industriales<\/h3>\n\n<p>Descubra c\u00f3mo nuestros productos de diamante impulsan el rendimiento en aplicaciones reales en diversas industrias. Explore estudios de caso y soluciones de aplicaci\u00f3n para la metalurgia, la \u00f3ptica, la electr\u00f3nica, la construcci\u00f3n, la miner\u00eda y la perforaci\u00f3n de petr\u00f3leo y gas. Descubra c\u00f3mo los materiales superabrasivos de ingenier\u00eda de SinoDiam ofrecen una velocidad de corte, durabilidad y rentabilidad superiores en los entornos m\u00e1s exigentes.  <\/p>\n\n<p>En conjunto, estos recursos convierten al Centro de Conocimiento de SinoDiam en su gu\u00eda de confianza para dominar la ciencia y las aplicaciones de los diamantes sint\u00e9ticos, ayud\u00e1ndole a lograr los mejores resultados en cada proceso de corte, rectificado y pulido.<\/p>\n\n<p class=\"has-ast-global-color-5-background-color has-background\"><\/p>\n\n<p><\/p>\n","protected":false},"excerpt":{"rendered":"<p>Bienvenido al Centro de Conocimiento de SinoDiam, su centro integral de informaci\u00f3n sobre tecnolog\u00eda de diamantes industriales, conocimientos sobre ciencia [&hellip;]<\/p>\n","protected":false},"author":1,"featured_media":0,"parent":0,"menu_order":0,"comment_status":"closed","ping_status":"closed","template":"","meta":{"om_disable_all_campaigns":false,"_uag_custom_page_level_css":"","_monsterinsights_skip_tracking":false,"_monsterinsights_sitenote_active":false,"_monsterinsights_sitenote_note":"","_monsterinsights_sitenote_category":0,"site-sidebar-layout":"default","site-content-layout":"","ast-site-content-layout":"normal-width-container","site-content-style":"default","site-sidebar-style":"default","ast-global-header-display":"","ast-banner-title-visibility":"","ast-main-header-display":"","ast-hfb-above-header-display":"","ast-hfb-below-header-display":"","ast-hfb-mobile-header-display":"","site-post-title":"","ast-breadcrumbs-content":"","ast-featured-img":"","footer-sml-layout":"","ast-disable-related-posts":"","theme-transparent-header-meta":"","adv-header-id-meta":"","stick-header-meta":"","header-above-stick-meta":"","header-main-stick-meta":"","header-below-stick-meta":"","astra-migrate-meta-layouts":"default","ast-page-background-enabled":"default","ast-page-background-meta":{"desktop":{"background-color":"var(--ast-global-color-5)","background-image":"","background-repeat":"repeat","background-position":"center center","background-size":"auto","background-attachment":"scroll","background-type":"","background-media":"","overlay-type":"","overlay-color":"","overlay-opacity":"","overlay-gradient":""},"tablet":{"background-color":"","background-image":"","background-repeat":"repeat","background-position":"center center","background-size":"auto","background-attachment":"scroll","background-type":"","background-media":"","overlay-type":"","overlay-color":"","overlay-opacity":"","overlay-gradient":""},"mobile":{"background-color":"","background-image":"","background-repeat":"repeat","background-position":"center center","background-size":"auto","background-attachment":"scroll","background-type":"","background-media":"","overlay-type":"","overlay-color":"","overlay-opacity":"","overlay-gradient":""}},"ast-content-background-meta":{"desktop":{"background-color":"var(--ast-global-color-4)","background-image":"","background-repeat":"repeat","background-position":"center center","background-size":"auto","background-attachment":"scroll","background-type":"","background-media":"","overlay-type":"","overlay-color":"","overlay-opacity":"","overlay-gradient":""},"tablet":{"background-color":"var(--ast-global-color-4)","background-image":"","background-repeat":"repeat","background-position":"center center","background-size":"auto","background-attachment":"scroll","background-type":"","background-media":"","overlay-type":"","overlay-color":"","overlay-opacity":"","overlay-gradient":""},"mobile":{"background-color":"var(--ast-global-color-4)","background-image":"","background-repeat":"repeat","background-position":"center center","background-size":"auto","background-attachment":"scroll","background-type":"","background-media":"","overlay-type":"","overlay-color":"","overlay-opacity":"","overlay-gradient":""}},"_joinchat":[],"footnotes":""},"class_list":["post-4417","page","type-page","status-publish","hentry"],"aioseo_notices":[],"uagb_featured_image_src":{"full":false,"thumbnail":false,"medium":false,"medium_large":false,"large":false,"1536x1536":false,"2048x2048":false,"woocommerce_thumbnail":false,"woocommerce_single":false,"woocommerce_gallery_thumbnail":false},"uagb_author_info":{"display_name":"SinoDiam Technical Team","author_link":"https:\/\/diamondmicron.com\/es\/author\/sinodiam2013gmail-com\/"},"uagb_comment_info":0,"uagb_excerpt":"Bienvenido al Centro de Conocimiento de SinoDiam, su centro integral de informaci\u00f3n sobre tecnolog\u00eda de diamantes industriales, conocimientos sobre ciencia [&hellip;]","aioseo_head":"\n\t\t<!-- All in One SEO Pro 4.8.3.2 - aioseo.com -->\n\t<meta name=\"description\" content=\"Bienvenido al Centro de Conocimiento de SinoDiam, su centro integral de informaci\u00f3n sobre tecnolog\u00eda de diamantes industriales, conocimientos sobre ciencia de materiales y aplicaciones pr\u00e1cticas de superabrasivos. Esta secci\u00f3n est\u00e1 dise\u00f1ada para ayudar a ingenieros, investigadores y fabricantes a comprender todos los aspectos de los materiales de diamante sint\u00e9tico, desde el polvo de diamante microm\u00e9trico\" \/>\n\t<meta name=\"robots\" content=\"max-image-preview:large\" \/>\n\t<link rel=\"canonical\" href=\"https:\/\/diamondmicron.com\/es\/centro-de-conocimiento-sobre-diamantes-guias-tecnicas-y-soluciones-industriales-para-aplicaciones-de-superabrasivos\/\" \/>\n\t<meta name=\"generator\" content=\"All in One SEO Pro (AIOSEO) 4.8.3.2\" \/>\n\t\t<meta property=\"og:locale\" content=\"es_ES\" \/>\n\t\t<meta property=\"og:site_name\" content=\"Your Trusted Supplier of Synthetic Diamond Powder &amp; Superabrasives - High-Quality Diamond Superabrasives for Global Applications\" \/>\n\t\t<meta property=\"og:type\" content=\"article\" \/>\n\t\t<meta property=\"og:title\" content=\"Centro de conocimiento sobre diamantes | Gu\u00edas t\u00e9cnicas y soluciones industriales para aplicaciones de superabrasivos - Your Trusted Supplier of Synthetic Diamond Powder &amp; Superabrasives\" \/>\n\t\t<meta property=\"og:description\" content=\"Bienvenido al Centro de Conocimiento de SinoDiam, su centro integral de informaci\u00f3n sobre tecnolog\u00eda de diamantes industriales, conocimientos sobre ciencia de materiales y aplicaciones pr\u00e1cticas de superabrasivos. Esta secci\u00f3n est\u00e1 dise\u00f1ada para ayudar a ingenieros, investigadores y fabricantes a comprender todos los aspectos de los materiales de diamante sint\u00e9tico, desde el polvo de diamante microm\u00e9trico\" \/>\n\t\t<meta property=\"og:url\" content=\"https:\/\/diamondmicron.com\/es\/centro-de-conocimiento-sobre-diamantes-guias-tecnicas-y-soluciones-industriales-para-aplicaciones-de-superabrasivos\/\" \/>\n\t\t<meta property=\"og:image\" content=\"https:\/\/diamondmicron.com\/wp-content\/uploads\/2025\/10\/cropped-LOGO-NEW-1.jpg\" \/>\n\t\t<meta property=\"og:image:secure_url\" content=\"https:\/\/diamondmicron.com\/wp-content\/uploads\/2025\/10\/cropped-LOGO-NEW-1.jpg\" \/>\n\t\t<meta property=\"article:published_time\" content=\"2025-11-08T07:39:33+00:00\" \/>\n\t\t<meta property=\"article:modified_time\" content=\"2025-11-22T17:08:45+00:00\" \/>\n\t\t<meta property=\"article:publisher\" content=\"https:\/\/www.facebook.com\/diamondmicron\/\" \/>\n\t\t<meta name=\"twitter:card\" content=\"summary_large_image\" \/>\n\t\t<meta name=\"twitter:title\" content=\"Centro de conocimiento sobre diamantes | Gu\u00edas t\u00e9cnicas y soluciones industriales para aplicaciones de superabrasivos - Your Trusted Supplier of Synthetic Diamond Powder &amp; Superabrasives\" \/>\n\t\t<meta name=\"twitter:description\" content=\"Bienvenido al Centro de Conocimiento de SinoDiam, su centro integral de informaci\u00f3n sobre tecnolog\u00eda de diamantes industriales, conocimientos sobre ciencia de materiales y aplicaciones pr\u00e1cticas de superabrasivos. Esta secci\u00f3n est\u00e1 dise\u00f1ada para ayudar a ingenieros, investigadores y fabricantes a comprender todos los aspectos de los materiales de diamante sint\u00e9tico, desde el polvo de diamante microm\u00e9trico\" \/>\n\t\t<meta name=\"twitter:image\" content=\"https:\/\/diamondmicron.com\/wp-content\/uploads\/2025\/10\/cropped-LOGO-NEW-1.jpg\" \/>\n\t\t<script type=\"application\/ld+json\" class=\"aioseo-schema\">\n\t\t\t{\"@context\":\"https:\\\/\\\/schema.org\",\"@graph\":[{\"@type\":\"BreadcrumbList\",\"@id\":\"https:\\\/\\\/diamondmicron.com\\\/es\\\/centro-de-conocimiento-sobre-diamantes-guias-tecnicas-y-soluciones-industriales-para-aplicaciones-de-superabrasivos\\\/#breadcrumblist\",\"itemListElement\":[{\"@type\":\"ListItem\",\"@id\":\"https:\\\/\\\/diamondmicron.com\\\/es\\\/#listItem\",\"position\":1,\"name\":\"Home\",\"item\":\"https:\\\/\\\/diamondmicron.com\\\/es\\\/\",\"nextItem\":{\"@type\":\"ListItem\",\"@id\":\"https:\\\/\\\/diamondmicron.com\\\/es\\\/centro-de-conocimiento-sobre-diamantes-guias-tecnicas-y-soluciones-industriales-para-aplicaciones-de-superabrasivos\\\/#listItem\",\"name\":\"Centro de conocimiento sobre diamantes | Gu\\u00edas t\\u00e9cnicas y soluciones industriales para aplicaciones de superabrasivos\"}},{\"@type\":\"ListItem\",\"@id\":\"https:\\\/\\\/diamondmicron.com\\\/es\\\/centro-de-conocimiento-sobre-diamantes-guias-tecnicas-y-soluciones-industriales-para-aplicaciones-de-superabrasivos\\\/#listItem\",\"position\":2,\"name\":\"Centro de conocimiento sobre diamantes | Gu\\u00edas t\\u00e9cnicas y soluciones industriales para aplicaciones de superabrasivos\",\"previousItem\":{\"@type\":\"ListItem\",\"@id\":\"https:\\\/\\\/diamondmicron.com\\\/es\\\/#listItem\",\"name\":\"Home\"}}]},{\"@type\":\"Organization\",\"@id\":\"https:\\\/\\\/diamondmicron.com\\\/es\\\/#organization\",\"name\":\"Your Trusted Supplier of Synthetic Diamond Powder & Superabrasives\",\"description\":\"High-Quality Diamond Superabrasives for Global Applications\",\"url\":\"https:\\\/\\\/diamondmicron.com\\\/es\\\/\",\"logo\":{\"@type\":\"ImageObject\",\"url\":\"https:\\\/\\\/diamondmicron.com\\\/wp-content\\\/uploads\\\/2025\\\/10\\\/cropped-LOGO-NEW-1.jpg\",\"@id\":\"https:\\\/\\\/diamondmicron.com\\\/es\\\/centro-de-conocimiento-sobre-diamantes-guias-tecnicas-y-soluciones-industriales-para-aplicaciones-de-superabrasivos\\\/#organizationLogo\",\"width\":1165,\"height\":388},\"image\":{\"@id\":\"https:\\\/\\\/diamondmicron.com\\\/es\\\/centro-de-conocimiento-sobre-diamantes-guias-tecnicas-y-soluciones-industriales-para-aplicaciones-de-superabrasivos\\\/#organizationLogo\"},\"sameAs\":[\"https:\\\/\\\/www.linkedin.com\\\/company\\\/sinodiam-diamond-powder\"]},{\"@type\":\"WebPage\",\"@id\":\"https:\\\/\\\/diamondmicron.com\\\/es\\\/centro-de-conocimiento-sobre-diamantes-guias-tecnicas-y-soluciones-industriales-para-aplicaciones-de-superabrasivos\\\/#webpage\",\"url\":\"https:\\\/\\\/diamondmicron.com\\\/es\\\/centro-de-conocimiento-sobre-diamantes-guias-tecnicas-y-soluciones-industriales-para-aplicaciones-de-superabrasivos\\\/\",\"name\":\"Centro de conocimiento sobre diamantes | Gu\\u00edas t\\u00e9cnicas y soluciones industriales para aplicaciones de superabrasivos - Your Trusted Supplier of Synthetic Diamond Powder & Superabrasives\",\"description\":\"Bienvenido al Centro de Conocimiento de SinoDiam, su centro integral de informaci\\u00f3n sobre tecnolog\\u00eda de diamantes industriales, conocimientos sobre ciencia de materiales y aplicaciones pr\\u00e1cticas de superabrasivos. Esta secci\\u00f3n est\\u00e1 dise\\u00f1ada para ayudar a ingenieros, investigadores y fabricantes a comprender todos los aspectos de los materiales de diamante sint\\u00e9tico, desde el polvo de diamante microm\\u00e9trico\",\"inLanguage\":\"es-ES\",\"isPartOf\":{\"@id\":\"https:\\\/\\\/diamondmicron.com\\\/es\\\/#website\"},\"breadcrumb\":{\"@id\":\"https:\\\/\\\/diamondmicron.com\\\/es\\\/centro-de-conocimiento-sobre-diamantes-guias-tecnicas-y-soluciones-industriales-para-aplicaciones-de-superabrasivos\\\/#breadcrumblist\"},\"datePublished\":\"2025-11-08T07:39:33+00:00\",\"dateModified\":\"2025-11-22T17:08:45+00:00\"},{\"@type\":\"WebSite\",\"@id\":\"https:\\\/\\\/diamondmicron.com\\\/es\\\/#website\",\"url\":\"https:\\\/\\\/diamondmicron.com\\\/es\\\/\",\"name\":\"Your Trusted Supplier of Synthetic Diamond Powder & Superabrasives\",\"description\":\"High-Quality Diamond Superabrasives for Global Applications\",\"inLanguage\":\"es-ES\",\"publisher\":{\"@id\":\"https:\\\/\\\/diamondmicron.com\\\/es\\\/#organization\"}}]}\n\t\t<\/script>\n\t\t<!-- All in One SEO Pro -->\r\n\t\t<title>Centro de conocimiento sobre diamantes | Gu\u00edas t\u00e9cnicas y soluciones industriales para aplicaciones de superabrasivos - Your Trusted Supplier of Synthetic Diamond Powder &amp; Superabrasives<\/title>\n\n","aioseo_head_json":{"title":"Centro de conocimiento sobre diamantes | Gu\u00edas t\u00e9cnicas y soluciones industriales para aplicaciones de superabrasivos - Your Trusted Supplier of Synthetic Diamond Powder & Superabrasives","description":"Bienvenido al Centro de Conocimiento de SinoDiam, su centro integral de informaci\u00f3n sobre tecnolog\u00eda de diamantes industriales, conocimientos sobre ciencia de materiales y aplicaciones pr\u00e1cticas de superabrasivos. Esta secci\u00f3n est\u00e1 dise\u00f1ada para ayudar a ingenieros, investigadores y fabricantes a comprender todos los aspectos de los materiales de diamante sint\u00e9tico, desde el polvo de diamante microm\u00e9trico","canonical_url":"https:\/\/diamondmicron.com\/es\/centro-de-conocimiento-sobre-diamantes-guias-tecnicas-y-soluciones-industriales-para-aplicaciones-de-superabrasivos\/","robots":"max-image-preview:large","keywords":"","webmasterTools":{"miscellaneous":""},"schema":{"@context":"https:\/\/schema.org","@graph":[{"@type":"BreadcrumbList","@id":"https:\/\/diamondmicron.com\/es\/centro-de-conocimiento-sobre-diamantes-guias-tecnicas-y-soluciones-industriales-para-aplicaciones-de-superabrasivos\/#breadcrumblist","itemListElement":[{"@type":"ListItem","@id":"https:\/\/diamondmicron.com\/es\/#listItem","position":1,"name":"Home","item":"https:\/\/diamondmicron.com\/es\/","nextItem":{"@type":"ListItem","@id":"https:\/\/diamondmicron.com\/es\/centro-de-conocimiento-sobre-diamantes-guias-tecnicas-y-soluciones-industriales-para-aplicaciones-de-superabrasivos\/#listItem","name":"Centro de conocimiento sobre diamantes | Gu\u00edas t\u00e9cnicas y soluciones industriales para aplicaciones de superabrasivos"}},{"@type":"ListItem","@id":"https:\/\/diamondmicron.com\/es\/centro-de-conocimiento-sobre-diamantes-guias-tecnicas-y-soluciones-industriales-para-aplicaciones-de-superabrasivos\/#listItem","position":2,"name":"Centro de conocimiento sobre diamantes | Gu\u00edas t\u00e9cnicas y soluciones industriales para aplicaciones de superabrasivos","previousItem":{"@type":"ListItem","@id":"https:\/\/diamondmicron.com\/es\/#listItem","name":"Home"}}]},{"@type":"Organization","@id":"https:\/\/diamondmicron.com\/es\/#organization","name":"Your Trusted Supplier of Synthetic Diamond Powder & Superabrasives","description":"High-Quality Diamond Superabrasives for Global Applications","url":"https:\/\/diamondmicron.com\/es\/","logo":{"@type":"ImageObject","url":"https:\/\/diamondmicron.com\/wp-content\/uploads\/2025\/10\/cropped-LOGO-NEW-1.jpg","@id":"https:\/\/diamondmicron.com\/es\/centro-de-conocimiento-sobre-diamantes-guias-tecnicas-y-soluciones-industriales-para-aplicaciones-de-superabrasivos\/#organizationLogo","width":1165,"height":388},"image":{"@id":"https:\/\/diamondmicron.com\/es\/centro-de-conocimiento-sobre-diamantes-guias-tecnicas-y-soluciones-industriales-para-aplicaciones-de-superabrasivos\/#organizationLogo"},"sameAs":["https:\/\/www.linkedin.com\/company\/sinodiam-diamond-powder"]},{"@type":"WebPage","@id":"https:\/\/diamondmicron.com\/es\/centro-de-conocimiento-sobre-diamantes-guias-tecnicas-y-soluciones-industriales-para-aplicaciones-de-superabrasivos\/#webpage","url":"https:\/\/diamondmicron.com\/es\/centro-de-conocimiento-sobre-diamantes-guias-tecnicas-y-soluciones-industriales-para-aplicaciones-de-superabrasivos\/","name":"Centro de conocimiento sobre diamantes | Gu\u00edas t\u00e9cnicas y soluciones industriales para aplicaciones de superabrasivos - Your Trusted Supplier of Synthetic Diamond Powder & Superabrasives","description":"Bienvenido al Centro de Conocimiento de SinoDiam, su centro integral de informaci\u00f3n sobre tecnolog\u00eda de diamantes industriales, conocimientos sobre ciencia de materiales y aplicaciones pr\u00e1cticas de superabrasivos. Esta secci\u00f3n est\u00e1 dise\u00f1ada para ayudar a ingenieros, investigadores y fabricantes a comprender todos los aspectos de los materiales de diamante sint\u00e9tico, desde el polvo de diamante microm\u00e9trico","inLanguage":"es-ES","isPartOf":{"@id":"https:\/\/diamondmicron.com\/es\/#website"},"breadcrumb":{"@id":"https:\/\/diamondmicron.com\/es\/centro-de-conocimiento-sobre-diamantes-guias-tecnicas-y-soluciones-industriales-para-aplicaciones-de-superabrasivos\/#breadcrumblist"},"datePublished":"2025-11-08T07:39:33+00:00","dateModified":"2025-11-22T17:08:45+00:00"},{"@type":"WebSite","@id":"https:\/\/diamondmicron.com\/es\/#website","url":"https:\/\/diamondmicron.com\/es\/","name":"Your Trusted Supplier of Synthetic Diamond Powder & Superabrasives","description":"High-Quality Diamond Superabrasives for Global Applications","inLanguage":"es-ES","publisher":{"@id":"https:\/\/diamondmicron.com\/es\/#organization"}}]},"og:locale":"es_ES","og:site_name":"Your Trusted Supplier of Synthetic Diamond Powder &amp; Superabrasives - High-Quality Diamond Superabrasives for Global Applications","og:type":"article","og:title":"Centro de conocimiento sobre diamantes | Gu\u00edas t\u00e9cnicas y soluciones industriales para aplicaciones de superabrasivos - Your Trusted Supplier of Synthetic Diamond Powder &amp; Superabrasives","og:description":"Bienvenido al Centro de Conocimiento de SinoDiam, su centro integral de informaci\u00f3n sobre tecnolog\u00eda de diamantes industriales, conocimientos sobre ciencia de materiales y aplicaciones pr\u00e1cticas de superabrasivos. Esta secci\u00f3n est\u00e1 dise\u00f1ada para ayudar a ingenieros, investigadores y fabricantes a comprender todos los aspectos de los materiales de diamante sint\u00e9tico, desde el polvo de diamante microm\u00e9trico","og:url":"https:\/\/diamondmicron.com\/es\/centro-de-conocimiento-sobre-diamantes-guias-tecnicas-y-soluciones-industriales-para-aplicaciones-de-superabrasivos\/","og:image":"https:\/\/diamondmicron.com\/wp-content\/uploads\/2025\/10\/cropped-LOGO-NEW-1.jpg","og:image:secure_url":"https:\/\/diamondmicron.com\/wp-content\/uploads\/2025\/10\/cropped-LOGO-NEW-1.jpg","article:published_time":"2025-11-08T07:39:33+00:00","article:modified_time":"2025-11-22T17:08:45+00:00","article:publisher":"https:\/\/www.facebook.com\/diamondmicron\/","twitter:card":"summary_large_image","twitter:title":"Centro de conocimiento sobre diamantes | Gu\u00edas t\u00e9cnicas y soluciones industriales para aplicaciones de superabrasivos - Your Trusted Supplier of Synthetic Diamond Powder &amp; Superabrasives","twitter:description":"Bienvenido al Centro de Conocimiento de SinoDiam, su centro integral de informaci\u00f3n sobre tecnolog\u00eda de diamantes industriales, conocimientos sobre ciencia de materiales y aplicaciones pr\u00e1cticas de superabrasivos. Esta secci\u00f3n est\u00e1 dise\u00f1ada para ayudar a ingenieros, investigadores y fabricantes a comprender todos los aspectos de los materiales de diamante sint\u00e9tico, desde el polvo de diamante microm\u00e9trico","twitter:image":"https:\/\/diamondmicron.com\/wp-content\/uploads\/2025\/10\/cropped-LOGO-NEW-1.jpg"},"aioseo_meta_data":[],"aioseo_breadcrumb":"<div class=\"aioseo-breadcrumbs\"><span class=\"aioseo-breadcrumb\">\n\t<a href=\"https:\/\/diamondmicron.com\/es\/\" title=\"Home\">Home<\/a>\n<\/span><span class=\"aioseo-breadcrumb-separator\">\u00bb<\/span><span class=\"aioseo-breadcrumb\">\n\tCentro de conocimiento sobre diamantes | Gu\u00edas t\u00e9cnicas y soluciones industriales para aplicaciones de superabrasivos\n<\/span><\/div>","aioseo_breadcrumb_json":[{"label":"Home","link":"https:\/\/diamondmicron.com\/es\/"},{"label":"Centro de conocimiento sobre diamantes | Gu\u00edas t\u00e9cnicas y soluciones industriales para aplicaciones de superabrasivos","link":"https:\/\/diamondmicron.com\/es\/centro-de-conocimiento-sobre-diamantes-guias-tecnicas-y-soluciones-industriales-para-aplicaciones-de-superabrasivos\/"}],"_links":{"self":[{"href":"https:\/\/diamondmicron.com\/es\/wp-json\/wp\/v2\/pages\/4417","targetHints":{"allow":["GET"]}}],"collection":[{"href":"https:\/\/diamondmicron.com\/es\/wp-json\/wp\/v2\/pages"}],"about":[{"href":"https:\/\/diamondmicron.com\/es\/wp-json\/wp\/v2\/types\/page"}],"author":[{"embeddable":true,"href":"https:\/\/diamondmicron.com\/es\/wp-json\/wp\/v2\/users\/1"}],"replies":[{"embeddable":true,"href":"https:\/\/diamondmicron.com\/es\/wp-json\/wp\/v2\/comments?post=4417"}],"version-history":[{"count":1,"href":"https:\/\/diamondmicron.com\/es\/wp-json\/wp\/v2\/pages\/4417\/revisions"}],"predecessor-version":[{"id":4418,"href":"https:\/\/diamondmicron.com\/es\/wp-json\/wp\/v2\/pages\/4417\/revisions\/4418"}],"wp:attachment":[{"href":"https:\/\/diamondmicron.com\/es\/wp-json\/wp\/v2\/media?parent=4417"}],"curies":[{"name":"wp","href":"https:\/\/api.w.org\/{rel}","templated":true}]}}