{"id":6676,"date":"2025-11-08T07:39:33","date_gmt":"2025-11-08T07:39:33","guid":{"rendered":"https:\/\/diamondmicron.com\/diamond-knowledge-center-technische-leitfaeden-und-industrieloesungen-fuer-superabrasive-anwendungen\/"},"modified":"2025-12-30T03:51:32","modified_gmt":"2025-12-30T03:51:32","slug":"diamond-knowledge-center-technische-leitfaeden-und-industrieloesungen-fuer-superabrasive-anwendungen","status":"publish","type":"page","link":"https:\/\/diamondmicron.com\/de\/diamond-knowledge-center-technische-leitfaeden-und-industrieloesungen-fuer-superabrasive-anwendungen\/","title":{"rendered":"Diamond Knowledge Center | Technische Leitf\u00e4den und Industriel\u00f6sungen f\u00fcr superabrasive Anwendungen"},"content":{"rendered":"\n<p>Willkommen im SinoDiam Knowledge Center, Ihrem umfassenden Anlaufpunkt f\u00fcr industrielle Diamanttechnologie, Erkenntnisse aus der Materialwissenschaft und praktische Anwendungen von Superabrasivstoffen.<\/p>\n\n<p>Dieser Abschnitt soll Ingenieuren, Forschern und Herstellern helfen, jeden Aspekt synthetischer Diamantwerkstoffe zu verstehen, von Mikron-Diamantpulver und S\u00e4gekorndiamanten bis hin zu PCD- und PDC-Schneidwerkzeugen, die in Schleif-, Schneid- und Bohranwendungen eingesetzt werden.<\/p>\n\n<p>Unser Wissenszentrum bietet zwei Hauptressourcen:<\/p>\n\n<h3 class=\"wp-block-heading\">\ud83d\udd39 Technischer Leitfaden<\/h3>\n\n<p>Tauchen Sie ein in die Wissenschaft hinter Industriediamanten und Superabrasivstoffen. Erfahren Sie mehr \u00fcber HPHT- und CVD-Diamanttypen, Diamantkorngr\u00f6\u00dfenklassifizierung, Bindungssysteme, Beschichtungstechnologien und Best Practices f\u00fcr Werkzeugkonstruktion und Leistungsoptimierung. Ob Sie das richtige Diamantpulver f\u00fcr Pr\u00e4zisionspolierarbeiten ausw\u00e4hlen oder beschichtete Diamanten hinsichtlich verbesserter Verschlei\u00dffestigkeit bewerten \u2013 dieser Abschnitt bietet Ihnen fundierte technische Einblicke und datenbasierte Expertise.  <\/p>\n\n<h3 class=\"wp-block-heading\">\ud83d\udd39 Industriel\u00f6sungen<\/h3>\n\n<p>Erfahren Sie, wie unsere Diamantprodukte branchen\u00fcbergreifend H\u00f6chstleistungen erbringen. Entdecken Sie Fallstudien und Anwendungsl\u00f6sungen f\u00fcr die Metallbearbeitung, Optik, Elektronik, das Bauwesen, den Bergbau sowie die \u00d6l- und Gasf\u00f6rderung. Erfahren Sie, wie die von SinoDiam entwickelten Superabrasivmaterialien selbst unter h\u00e4rtesten Bedingungen \u00fcberlegene Schnittgeschwindigkeit, Langlebigkeit und Kosteneffizienz bieten.  <\/p>\n\n<p>Zusammengenommen machen diese Ressourcen das SinoDiam Knowledge Center zu Ihrem verl\u00e4sslichen Leitfaden, um die Wissenschaft und die Anwendungen synthetischer Diamanten zu beherrschen und Ihnen dabei zu helfen, bei jedem Schneide-, Schleif- und Polierprozess die besten Ergebnisse zu erzielen.<\/p>\n\n<p class=\"has-ast-global-color-5-background-color has-background\"><\/p>\n\n<p><\/p>\n","protected":false},"excerpt":{"rendered":"<p>Willkommen im SinoDiam Knowledge Center, Ihrem umfassenden Anlaufpunkt f\u00fcr industrielle Diamanttechnologie, Erkenntnisse aus der Materialwissenschaft und praktische Anwendungen von Superabrasivstoffen. [&hellip;]<\/p>\n","protected":false},"author":1,"featured_media":0,"parent":0,"menu_order":0,"comment_status":"closed","ping_status":"closed","template":"","meta":{"om_disable_all_campaigns":false,"_uag_custom_page_level_css":"","_monsterinsights_skip_tracking":false,"_monsterinsights_sitenote_active":false,"_monsterinsights_sitenote_note":"","_monsterinsights_sitenote_category":0,"site-sidebar-layout":"default","site-content-layout":"","ast-site-content-layout":"normal-width-container","site-content-style":"default","site-sidebar-style":"default","ast-global-header-display":"","ast-banner-title-visibility":"","ast-main-header-display":"","ast-hfb-above-header-display":"","ast-hfb-below-header-display":"","ast-hfb-mobile-header-display":"","site-post-title":"","ast-breadcrumbs-content":"","ast-featured-img":"","footer-sml-layout":"","ast-disable-related-posts":"","theme-transparent-header-meta":"","adv-header-id-meta":"","stick-header-meta":"","header-above-stick-meta":"","header-main-stick-meta":"","header-below-stick-meta":"","astra-migrate-meta-layouts":"default","ast-page-background-enabled":"default","ast-page-background-meta":{"desktop":{"background-color":"var(--ast-global-color-5)","background-image":"","background-repeat":"repeat","background-position":"center center","background-size":"auto","background-attachment":"scroll","background-type":"","background-media":"","overlay-type":"","overlay-color":"","overlay-opacity":"","overlay-gradient":""},"tablet":{"background-color":"","background-image":"","background-repeat":"repeat","background-position":"center center","background-size":"auto","background-attachment":"scroll","background-type":"","background-media":"","overlay-type":"","overlay-color":"","overlay-opacity":"","overlay-gradient":""},"mobile":{"background-color":"","background-image":"","background-repeat":"repeat","background-position":"center center","background-size":"auto","background-attachment":"scroll","background-type":"","background-media":"","overlay-type":"","overlay-color":"","overlay-opacity":"","overlay-gradient":""}},"ast-content-background-meta":{"desktop":{"background-color":"var(--ast-global-color-4)","background-image":"","background-repeat":"repeat","background-position":"center center","background-size":"auto","background-attachment":"scroll","background-type":"","background-media":"","overlay-type":"","overlay-color":"","overlay-opacity":"","overlay-gradient":""},"tablet":{"background-color":"var(--ast-global-color-4)","background-image":"","background-repeat":"repeat","background-position":"center center","background-size":"auto","background-attachment":"scroll","background-type":"","background-media":"","overlay-type":"","overlay-color":"","overlay-opacity":"","overlay-gradient":""},"mobile":{"background-color":"var(--ast-global-color-4)","background-image":"","background-repeat":"repeat","background-position":"center center","background-size":"auto","background-attachment":"scroll","background-type":"","background-media":"","overlay-type":"","overlay-color":"","overlay-opacity":"","overlay-gradient":""}},"_joinchat":[],"footnotes":""},"class_list":["post-6676","page","type-page","status-publish","hentry"],"aioseo_notices":[],"uagb_featured_image_src":{"full":false,"thumbnail":false,"medium":false,"medium_large":false,"large":false,"1536x1536":false,"2048x2048":false,"woocommerce_thumbnail":false,"woocommerce_single":false,"woocommerce_gallery_thumbnail":false},"uagb_author_info":{"display_name":"SinoDiam Technical Team","author_link":"https:\/\/diamondmicron.com\/de\/author\/sinodiam2013gmail-com\/"},"uagb_comment_info":0,"uagb_excerpt":"Willkommen im SinoDiam Knowledge Center, Ihrem umfassenden Anlaufpunkt f\u00fcr industrielle Diamanttechnologie, Erkenntnisse aus der Materialwissenschaft und praktische Anwendungen von Superabrasivstoffen. [&hellip;]","aioseo_head":"\n\t\t<!-- All in One SEO Pro 4.8.3.2 - aioseo.com -->\n\t<meta name=\"description\" content=\"Willkommen im SinoDiam Knowledge Center, Ihrem umfassenden Anlaufpunkt f\u00fcr industrielle Diamanttechnologie, Erkenntnisse aus der Materialwissenschaft und praktische Anwendungen von Superabrasivstoffen. Dieser Abschnitt soll Ingenieuren, Forschern und Herstellern helfen, jeden Aspekt synthetischer Diamantwerkstoffe zu verstehen, von Mikron-Diamantpulver und S\u00e4gekorndiamanten bis hin zu PCD- und PDC-Schneidwerkzeugen, die in Schleif-, Schneid- und Bohranwendungen eingesetzt werden. Unser Wissenszentrum bietet\" \/>\n\t<meta name=\"robots\" content=\"max-image-preview:large\" \/>\n\t<link rel=\"canonical\" href=\"https:\/\/diamondmicron.com\/de\/diamond-knowledge-center-technische-leitfaeden-und-industrieloesungen-fuer-superabrasive-anwendungen\/\" \/>\n\t<meta name=\"generator\" content=\"All in One SEO Pro (AIOSEO) 4.8.3.2\" \/>\n\t\t<meta property=\"og:locale\" content=\"de_DE\" \/>\n\t\t<meta property=\"og:site_name\" content=\"Your Trusted Supplier of Synthetic Diamond Powder &amp; Superabrasives - High-Quality Diamond Superabrasives for Global Applications\" \/>\n\t\t<meta property=\"og:type\" content=\"article\" \/>\n\t\t<meta property=\"og:title\" content=\"Diamond Knowledge Center | Technische Leitf\u00e4den und Industriel\u00f6sungen f\u00fcr superabrasive Anwendungen - Your Trusted Supplier of Synthetic Diamond Powder &amp; Superabrasives\" \/>\n\t\t<meta property=\"og:description\" content=\"Willkommen im SinoDiam Knowledge Center, Ihrem umfassenden Anlaufpunkt f\u00fcr industrielle Diamanttechnologie, Erkenntnisse aus der Materialwissenschaft und praktische Anwendungen von Superabrasivstoffen. Dieser Abschnitt soll Ingenieuren, Forschern und Herstellern helfen, jeden Aspekt synthetischer Diamantwerkstoffe zu verstehen, von Mikron-Diamantpulver und S\u00e4gekorndiamanten bis hin zu PCD- und PDC-Schneidwerkzeugen, die in Schleif-, Schneid- und Bohranwendungen eingesetzt werden. Unser Wissenszentrum bietet\" \/>\n\t\t<meta property=\"og:url\" content=\"https:\/\/diamondmicron.com\/de\/diamond-knowledge-center-technische-leitfaeden-und-industrieloesungen-fuer-superabrasive-anwendungen\/\" \/>\n\t\t<meta property=\"og:image\" content=\"https:\/\/diamondmicron.com\/wp-content\/uploads\/2025\/10\/cropped-LOGO-NEW-1.jpg\" \/>\n\t\t<meta property=\"og:image:secure_url\" content=\"https:\/\/diamondmicron.com\/wp-content\/uploads\/2025\/10\/cropped-LOGO-NEW-1.jpg\" \/>\n\t\t<meta property=\"article:published_time\" content=\"2025-11-08T07:39:33+00:00\" \/>\n\t\t<meta property=\"article:modified_time\" content=\"2025-12-30T03:51:32+00:00\" \/>\n\t\t<meta property=\"article:publisher\" content=\"https:\/\/www.facebook.com\/diamondmicron\/\" \/>\n\t\t<meta name=\"twitter:card\" content=\"summary_large_image\" \/>\n\t\t<meta name=\"twitter:title\" content=\"Diamond Knowledge Center | Technische Leitf\u00e4den und Industriel\u00f6sungen f\u00fcr superabrasive Anwendungen - Your Trusted Supplier of Synthetic Diamond Powder &amp; Superabrasives\" \/>\n\t\t<meta name=\"twitter:description\" content=\"Willkommen im SinoDiam Knowledge Center, Ihrem umfassenden Anlaufpunkt f\u00fcr industrielle Diamanttechnologie, Erkenntnisse aus der Materialwissenschaft und praktische Anwendungen von Superabrasivstoffen. Dieser Abschnitt soll Ingenieuren, Forschern und Herstellern helfen, jeden Aspekt synthetischer Diamantwerkstoffe zu verstehen, von Mikron-Diamantpulver und S\u00e4gekorndiamanten bis hin zu PCD- und PDC-Schneidwerkzeugen, die in Schleif-, Schneid- und Bohranwendungen eingesetzt werden. Unser Wissenszentrum bietet\" \/>\n\t\t<meta name=\"twitter:image\" content=\"https:\/\/diamondmicron.com\/wp-content\/uploads\/2025\/10\/cropped-LOGO-NEW-1.jpg\" \/>\n\t\t<script type=\"application\/ld+json\" class=\"aioseo-schema\">\n\t\t\t{\"@context\":\"https:\\\/\\\/schema.org\",\"@graph\":[{\"@type\":\"BreadcrumbList\",\"@id\":\"https:\\\/\\\/diamondmicron.com\\\/de\\\/diamond-knowledge-center-technische-leitfaeden-und-industrieloesungen-fuer-superabrasive-anwendungen\\\/#breadcrumblist\",\"itemListElement\":[{\"@type\":\"ListItem\",\"@id\":\"https:\\\/\\\/diamondmicron.com\\\/de\\\/#listItem\",\"position\":1,\"name\":\"Home\",\"item\":\"https:\\\/\\\/diamondmicron.com\\\/de\\\/\",\"nextItem\":{\"@type\":\"ListItem\",\"@id\":\"https:\\\/\\\/diamondmicron.com\\\/de\\\/diamond-knowledge-center-technische-leitfaeden-und-industrieloesungen-fuer-superabrasive-anwendungen\\\/#listItem\",\"name\":\"Diamond Knowledge Center | Technische Leitf\\u00e4den und Industriel\\u00f6sungen f\\u00fcr superabrasive Anwendungen\"}},{\"@type\":\"ListItem\",\"@id\":\"https:\\\/\\\/diamondmicron.com\\\/de\\\/diamond-knowledge-center-technische-leitfaeden-und-industrieloesungen-fuer-superabrasive-anwendungen\\\/#listItem\",\"position\":2,\"name\":\"Diamond Knowledge Center | Technische Leitf\\u00e4den und Industriel\\u00f6sungen f\\u00fcr superabrasive Anwendungen\",\"previousItem\":{\"@type\":\"ListItem\",\"@id\":\"https:\\\/\\\/diamondmicron.com\\\/de\\\/#listItem\",\"name\":\"Home\"}}]},{\"@type\":\"Organization\",\"@id\":\"https:\\\/\\\/diamondmicron.com\\\/de\\\/#organization\",\"name\":\"Your Trusted Supplier of Synthetic Diamond Powder & Superabrasives\",\"description\":\"High-Quality Diamond Superabrasives for Global Applications\",\"url\":\"https:\\\/\\\/diamondmicron.com\\\/de\\\/\",\"logo\":{\"@type\":\"ImageObject\",\"url\":\"https:\\\/\\\/diamondmicron.com\\\/wp-content\\\/uploads\\\/2025\\\/10\\\/cropped-LOGO-NEW-1.jpg\",\"@id\":\"https:\\\/\\\/diamondmicron.com\\\/de\\\/diamond-knowledge-center-technische-leitfaeden-und-industrieloesungen-fuer-superabrasive-anwendungen\\\/#organizationLogo\",\"width\":1165,\"height\":388},\"image\":{\"@id\":\"https:\\\/\\\/diamondmicron.com\\\/de\\\/diamond-knowledge-center-technische-leitfaeden-und-industrieloesungen-fuer-superabrasive-anwendungen\\\/#organizationLogo\"},\"sameAs\":[\"https:\\\/\\\/www.linkedin.com\\\/company\\\/sinodiam-diamond-powder\"]},{\"@type\":\"WebPage\",\"@id\":\"https:\\\/\\\/diamondmicron.com\\\/de\\\/diamond-knowledge-center-technische-leitfaeden-und-industrieloesungen-fuer-superabrasive-anwendungen\\\/#webpage\",\"url\":\"https:\\\/\\\/diamondmicron.com\\\/de\\\/diamond-knowledge-center-technische-leitfaeden-und-industrieloesungen-fuer-superabrasive-anwendungen\\\/\",\"name\":\"Diamond Knowledge Center | Technische Leitf\\u00e4den und Industriel\\u00f6sungen f\\u00fcr superabrasive Anwendungen - Your Trusted Supplier of Synthetic Diamond Powder & Superabrasives\",\"description\":\"Willkommen im SinoDiam Knowledge Center, Ihrem umfassenden Anlaufpunkt f\\u00fcr industrielle Diamanttechnologie, Erkenntnisse aus der Materialwissenschaft und praktische Anwendungen von Superabrasivstoffen. Dieser Abschnitt soll Ingenieuren, Forschern und Herstellern helfen, jeden Aspekt synthetischer Diamantwerkstoffe zu verstehen, von Mikron-Diamantpulver und S\\u00e4gekorndiamanten bis hin zu PCD- und PDC-Schneidwerkzeugen, die in Schleif-, Schneid- und Bohranwendungen eingesetzt werden. Unser Wissenszentrum bietet\",\"inLanguage\":\"de-DE\",\"isPartOf\":{\"@id\":\"https:\\\/\\\/diamondmicron.com\\\/de\\\/#website\"},\"breadcrumb\":{\"@id\":\"https:\\\/\\\/diamondmicron.com\\\/de\\\/diamond-knowledge-center-technische-leitfaeden-und-industrieloesungen-fuer-superabrasive-anwendungen\\\/#breadcrumblist\"},\"datePublished\":\"2025-11-08T07:39:33+00:00\",\"dateModified\":\"2025-12-30T03:51:32+00:00\"},{\"@type\":\"WebSite\",\"@id\":\"https:\\\/\\\/diamondmicron.com\\\/de\\\/#website\",\"url\":\"https:\\\/\\\/diamondmicron.com\\\/de\\\/\",\"name\":\"Your Trusted Supplier of Synthetic Diamond Powder & Superabrasives\",\"description\":\"High-Quality Diamond Superabrasives for Global Applications\",\"inLanguage\":\"de-DE\",\"publisher\":{\"@id\":\"https:\\\/\\\/diamondmicron.com\\\/de\\\/#organization\"}}]}\n\t\t<\/script>\n\t\t<!-- All in One SEO Pro -->\r\n\t\t<title>Diamond Knowledge Center | Technische Leitf\u00e4den und Industriel\u00f6sungen f\u00fcr superabrasive Anwendungen - Your Trusted Supplier of Synthetic Diamond Powder &amp; Superabrasives<\/title>\n\n","aioseo_head_json":{"title":"Diamond Knowledge Center | Technische Leitf\u00e4den und Industriel\u00f6sungen f\u00fcr superabrasive Anwendungen - Your Trusted Supplier of Synthetic Diamond Powder & Superabrasives","description":"Willkommen im SinoDiam Knowledge Center, Ihrem umfassenden Anlaufpunkt f\u00fcr industrielle Diamanttechnologie, Erkenntnisse aus der Materialwissenschaft und praktische Anwendungen von Superabrasivstoffen. Dieser Abschnitt soll Ingenieuren, Forschern und Herstellern helfen, jeden Aspekt synthetischer Diamantwerkstoffe zu verstehen, von Mikron-Diamantpulver und S\u00e4gekorndiamanten bis hin zu PCD- und PDC-Schneidwerkzeugen, die in Schleif-, Schneid- und Bohranwendungen eingesetzt werden. Unser Wissenszentrum bietet","canonical_url":"https:\/\/diamondmicron.com\/de\/diamond-knowledge-center-technische-leitfaeden-und-industrieloesungen-fuer-superabrasive-anwendungen\/","robots":"max-image-preview:large","keywords":"","webmasterTools":{"miscellaneous":""},"schema":{"@context":"https:\/\/schema.org","@graph":[{"@type":"BreadcrumbList","@id":"https:\/\/diamondmicron.com\/de\/diamond-knowledge-center-technische-leitfaeden-und-industrieloesungen-fuer-superabrasive-anwendungen\/#breadcrumblist","itemListElement":[{"@type":"ListItem","@id":"https:\/\/diamondmicron.com\/de\/#listItem","position":1,"name":"Home","item":"https:\/\/diamondmicron.com\/de\/","nextItem":{"@type":"ListItem","@id":"https:\/\/diamondmicron.com\/de\/diamond-knowledge-center-technische-leitfaeden-und-industrieloesungen-fuer-superabrasive-anwendungen\/#listItem","name":"Diamond Knowledge Center | Technische Leitf\u00e4den und Industriel\u00f6sungen f\u00fcr superabrasive Anwendungen"}},{"@type":"ListItem","@id":"https:\/\/diamondmicron.com\/de\/diamond-knowledge-center-technische-leitfaeden-und-industrieloesungen-fuer-superabrasive-anwendungen\/#listItem","position":2,"name":"Diamond Knowledge Center | Technische Leitf\u00e4den und Industriel\u00f6sungen f\u00fcr superabrasive Anwendungen","previousItem":{"@type":"ListItem","@id":"https:\/\/diamondmicron.com\/de\/#listItem","name":"Home"}}]},{"@type":"Organization","@id":"https:\/\/diamondmicron.com\/de\/#organization","name":"Your Trusted Supplier of Synthetic Diamond Powder & Superabrasives","description":"High-Quality Diamond Superabrasives for Global Applications","url":"https:\/\/diamondmicron.com\/de\/","logo":{"@type":"ImageObject","url":"https:\/\/diamondmicron.com\/wp-content\/uploads\/2025\/10\/cropped-LOGO-NEW-1.jpg","@id":"https:\/\/diamondmicron.com\/de\/diamond-knowledge-center-technische-leitfaeden-und-industrieloesungen-fuer-superabrasive-anwendungen\/#organizationLogo","width":1165,"height":388},"image":{"@id":"https:\/\/diamondmicron.com\/de\/diamond-knowledge-center-technische-leitfaeden-und-industrieloesungen-fuer-superabrasive-anwendungen\/#organizationLogo"},"sameAs":["https:\/\/www.linkedin.com\/company\/sinodiam-diamond-powder"]},{"@type":"WebPage","@id":"https:\/\/diamondmicron.com\/de\/diamond-knowledge-center-technische-leitfaeden-und-industrieloesungen-fuer-superabrasive-anwendungen\/#webpage","url":"https:\/\/diamondmicron.com\/de\/diamond-knowledge-center-technische-leitfaeden-und-industrieloesungen-fuer-superabrasive-anwendungen\/","name":"Diamond Knowledge Center | Technische Leitf\u00e4den und Industriel\u00f6sungen f\u00fcr superabrasive Anwendungen - Your Trusted Supplier of Synthetic Diamond Powder & Superabrasives","description":"Willkommen im SinoDiam Knowledge Center, Ihrem umfassenden Anlaufpunkt f\u00fcr industrielle Diamanttechnologie, Erkenntnisse aus der Materialwissenschaft und praktische Anwendungen von Superabrasivstoffen. Dieser Abschnitt soll Ingenieuren, Forschern und Herstellern helfen, jeden Aspekt synthetischer Diamantwerkstoffe zu verstehen, von Mikron-Diamantpulver und S\u00e4gekorndiamanten bis hin zu PCD- und PDC-Schneidwerkzeugen, die in Schleif-, Schneid- und Bohranwendungen eingesetzt werden. Unser Wissenszentrum bietet","inLanguage":"de-DE","isPartOf":{"@id":"https:\/\/diamondmicron.com\/de\/#website"},"breadcrumb":{"@id":"https:\/\/diamondmicron.com\/de\/diamond-knowledge-center-technische-leitfaeden-und-industrieloesungen-fuer-superabrasive-anwendungen\/#breadcrumblist"},"datePublished":"2025-11-08T07:39:33+00:00","dateModified":"2025-12-30T03:51:32+00:00"},{"@type":"WebSite","@id":"https:\/\/diamondmicron.com\/de\/#website","url":"https:\/\/diamondmicron.com\/de\/","name":"Your Trusted Supplier of Synthetic Diamond Powder & Superabrasives","description":"High-Quality Diamond Superabrasives for Global Applications","inLanguage":"de-DE","publisher":{"@id":"https:\/\/diamondmicron.com\/de\/#organization"}}]},"og:locale":"de_DE","og:site_name":"Your Trusted Supplier of Synthetic Diamond Powder &amp; Superabrasives - High-Quality Diamond Superabrasives for Global Applications","og:type":"article","og:title":"Diamond Knowledge Center | Technische Leitf\u00e4den und Industriel\u00f6sungen f\u00fcr superabrasive Anwendungen - Your Trusted Supplier of Synthetic Diamond Powder &amp; Superabrasives","og:description":"Willkommen im SinoDiam Knowledge Center, Ihrem umfassenden Anlaufpunkt f\u00fcr industrielle Diamanttechnologie, Erkenntnisse aus der Materialwissenschaft und praktische Anwendungen von Superabrasivstoffen. Dieser Abschnitt soll Ingenieuren, Forschern und Herstellern helfen, jeden Aspekt synthetischer Diamantwerkstoffe zu verstehen, von Mikron-Diamantpulver und S\u00e4gekorndiamanten bis hin zu PCD- und PDC-Schneidwerkzeugen, die in Schleif-, Schneid- und Bohranwendungen eingesetzt werden. Unser Wissenszentrum bietet","og:url":"https:\/\/diamondmicron.com\/de\/diamond-knowledge-center-technische-leitfaeden-und-industrieloesungen-fuer-superabrasive-anwendungen\/","og:image":"https:\/\/diamondmicron.com\/wp-content\/uploads\/2025\/10\/cropped-LOGO-NEW-1.jpg","og:image:secure_url":"https:\/\/diamondmicron.com\/wp-content\/uploads\/2025\/10\/cropped-LOGO-NEW-1.jpg","article:published_time":"2025-11-08T07:39:33+00:00","article:modified_time":"2025-12-30T03:51:32+00:00","article:publisher":"https:\/\/www.facebook.com\/diamondmicron\/","twitter:card":"summary_large_image","twitter:title":"Diamond Knowledge Center | Technische Leitf\u00e4den und Industriel\u00f6sungen f\u00fcr superabrasive Anwendungen - Your Trusted Supplier of Synthetic Diamond Powder &amp; Superabrasives","twitter:description":"Willkommen im SinoDiam Knowledge Center, Ihrem umfassenden Anlaufpunkt f\u00fcr industrielle Diamanttechnologie, Erkenntnisse aus der Materialwissenschaft und praktische Anwendungen von Superabrasivstoffen. Dieser Abschnitt soll Ingenieuren, Forschern und Herstellern helfen, jeden Aspekt synthetischer Diamantwerkstoffe zu verstehen, von Mikron-Diamantpulver und S\u00e4gekorndiamanten bis hin zu PCD- und PDC-Schneidwerkzeugen, die in Schleif-, Schneid- und Bohranwendungen eingesetzt werden. Unser Wissenszentrum bietet","twitter:image":"https:\/\/diamondmicron.com\/wp-content\/uploads\/2025\/10\/cropped-LOGO-NEW-1.jpg"},"aioseo_meta_data":[],"aioseo_breadcrumb":"<div class=\"aioseo-breadcrumbs\"><span class=\"aioseo-breadcrumb\">\n\t<a href=\"https:\/\/diamondmicron.com\/de\/\" title=\"Home\">Home<\/a>\n<\/span><span class=\"aioseo-breadcrumb-separator\">\u00bb<\/span><span class=\"aioseo-breadcrumb\">\n\tDiamond Knowledge Center | Technische Leitf\u00e4den und Industriel\u00f6sungen f\u00fcr superabrasive Anwendungen\n<\/span><\/div>","aioseo_breadcrumb_json":[{"label":"Home","link":"https:\/\/diamondmicron.com\/de\/"},{"label":"Diamond Knowledge Center | Technische Leitf\u00e4den und Industriel\u00f6sungen f\u00fcr superabrasive Anwendungen","link":"https:\/\/diamondmicron.com\/de\/diamond-knowledge-center-technische-leitfaeden-und-industrieloesungen-fuer-superabrasive-anwendungen\/"}],"_links":{"self":[{"href":"https:\/\/diamondmicron.com\/de\/wp-json\/wp\/v2\/pages\/6676","targetHints":{"allow":["GET"]}}],"collection":[{"href":"https:\/\/diamondmicron.com\/de\/wp-json\/wp\/v2\/pages"}],"about":[{"href":"https:\/\/diamondmicron.com\/de\/wp-json\/wp\/v2\/types\/page"}],"author":[{"embeddable":true,"href":"https:\/\/diamondmicron.com\/de\/wp-json\/wp\/v2\/users\/1"}],"replies":[{"embeddable":true,"href":"https:\/\/diamondmicron.com\/de\/wp-json\/wp\/v2\/comments?post=6676"}],"version-history":[{"count":1,"href":"https:\/\/diamondmicron.com\/de\/wp-json\/wp\/v2\/pages\/6676\/revisions"}],"predecessor-version":[{"id":6677,"href":"https:\/\/diamondmicron.com\/de\/wp-json\/wp\/v2\/pages\/6676\/revisions\/6677"}],"wp:attachment":[{"href":"https:\/\/diamondmicron.com\/de\/wp-json\/wp\/v2\/media?parent=6676"}],"curies":[{"name":"wp","href":"https:\/\/api.w.org\/{rel}","templated":true}]}}